{"id":994,"date":"2023-05-30T10:45:36","date_gmt":"2023-05-30T09:45:36","guid":{"rendered":"http:\/\/holmes.www190-92-135-130.a2hosted.com\/agarbyte-och-namnandring\/"},"modified":"2023-07-24T13:08:50","modified_gmt":"2023-07-24T12:08:50","slug":"agarbyte-och-namnandring","status":"publish","type":"page","link":"https:\/\/spanishcarreg.com\/sv\/agarbyte-och-namnandring\/","title":{"rendered":"\u00c4garbyte och namn\u00e4ndring"},"content":{"rendered":"\t\t<div data-elementor-type=\"wp-page\" data-elementor-id=\"994\" class=\"elementor elementor-994 elementor-25\">\n\t\t\t\t\t\t\t<div class=\"elementor-element elementor-element-90f6c3c e-flex e-con-boxed e-con\" data-id=\"90f6c3c\" data-element_type=\"container\" data-settings=\"{&quot;content_width&quot;:&quot;boxed&quot;}\">\n\t\t\t\t\t<div class=\"e-con-inner\">\n\t\t<div class=\"elementor-element elementor-element-7707876 e-con-full e-flex elementor-invisible e-con\" data-id=\"7707876\" data-element_type=\"container\" data-settings=\"{&quot;content_width&quot;:&quot;full&quot;,&quot;background_background&quot;:&quot;classic&quot;,&quot;animation&quot;:&quot;fadeInLeft&quot;}\">\n\t\t\t\t<\/div>\n\t\t<div class=\"elementor-element elementor-element-d7374c6 e-con-full e-flex elementor-invisible e-con\" data-id=\"d7374c6\" data-element_type=\"container\" data-settings=\"{&quot;content_width&quot;:&quot;full&quot;,&quot;animation&quot;:&quot;fadeInRight&quot;}\">\n\t\t\t\t<div class=\"elementor-element elementor-element-172e7d6 elementor-widget elementor-widget-heading\" data-id=\"172e7d6\" data-element_type=\"widget\" data-widget_type=\"heading.default\">\n\t\t\t\t<div class=\"elementor-widget-container\">\n\t\t\t<style>\/*! elementor - v3.14.0 - 26-06-2023 *\/\n.elementor-heading-title{padding:0;margin:0;line-height:1}.elementor-widget-heading .elementor-heading-title[class*=elementor-size-]>a{color:inherit;font-size:inherit;line-height:inherit}.elementor-widget-heading .elementor-heading-title.elementor-size-small{font-size:15px}.elementor-widget-heading .elementor-heading-title.elementor-size-medium{font-size:19px}.elementor-widget-heading .elementor-heading-title.elementor-size-large{font-size:29px}.elementor-widget-heading .elementor-heading-title.elementor-size-xl{font-size:39px}.elementor-widget-heading .elementor-heading-title.elementor-size-xxl{font-size:59px}<\/style><h1 class=\"elementor-heading-title elementor-size-default\">\u00c4garbyte och namn\u00e4ndring<\/h1>\t\t<\/div>\n\t\t\t\t<\/div>\n\t\t\t\t<div class=\"elementor-element elementor-element-fa9e427 elementor-widget elementor-widget-text-editor\" data-id=\"fa9e427\" data-element_type=\"widget\" data-widget_type=\"text-editor.default\">\n\t\t\t\t<div class=\"elementor-widget-container\">\n\t\t\t<style>\/*! elementor - v3.14.0 - 26-06-2023 *\/\n.elementor-widget-text-editor.elementor-drop-cap-view-stacked .elementor-drop-cap{background-color:#69727d;color:#fff}.elementor-widget-text-editor.elementor-drop-cap-view-framed .elementor-drop-cap{color:#69727d;border:3px solid;background-color:transparent}.elementor-widget-text-editor:not(.elementor-drop-cap-view-default) .elementor-drop-cap{margin-top:8px}.elementor-widget-text-editor:not(.elementor-drop-cap-view-default) .elementor-drop-cap-letter{width:1em;height:1em}.elementor-widget-text-editor .elementor-drop-cap{float:left;text-align:center;line-height:1;font-size:50px}.elementor-widget-text-editor .elementor-drop-cap-letter{display:inline-block}<\/style>\t\t\t\t<p>Vi har alla n\u00f6dv\u00e4ndiga dokument f\u00f6r direkt \u00e4garbyte av din bil.<\/p>\n\t\t\t\t\t\t<\/div>\n\t\t\t\t<\/div>\n\t\t\t\t<div class=\"elementor-element elementor-element-9ebdbf0 elementor-align-left elementor-hidden-desktop elementor-hidden-tablet elementor-widget elementor-widget-button\" data-id=\"9ebdbf0\" data-element_type=\"widget\" data-widget_type=\"button.default\">\n\t\t\t\t<div class=\"elementor-widget-container\">\n\t\t\t\t\t<div class=\"elementor-button-wrapper\">\n\t\t\t<a class=\"elementor-button elementor-button-link elementor-size-sm elementor-animation-grow\" href=\"https:\/\/spanishcarreg.com\/sv\/kontakta-oss\/\">\n\t\t\t\t\t\t<span class=\"elementor-button-content-wrapper\">\n\t\t\t\t\t\t<span class=\"elementor-button-text\">Kontakta oss<\/span>\n\t\t<\/span>\n\t\t\t\t\t<\/a>\n\t\t<\/div>\n\t\t\t\t<\/div>\n\t\t\t\t<\/div>\n\t\t\t\t<\/div>\n\t\t\t\t\t<\/div>\n\t\t\t\t<\/div>\n\t\t<div class=\"elementor-element elementor-element-25b0c0a e-flex e-con-boxed elementor-invisible e-con\" data-id=\"25b0c0a\" data-element_type=\"container\" data-settings=\"{&quot;animation&quot;:&quot;fadeInUp&quot;,&quot;content_width&quot;:&quot;boxed&quot;}\">\n\t\t\t\t\t<div class=\"e-con-inner\">\n\t\t\t\t<div class=\"elementor-element elementor-element-c273a55 elementor-widget elementor-widget-heading\" data-id=\"c273a55\" data-element_type=\"widget\" data-widget_type=\"heading.default\">\n\t\t\t\t<div class=\"elementor-widget-container\">\n\t\t\t<h3 class=\"elementor-heading-title elementor-size-default\">Andra tj\u00e4nster<\/h3>\t\t<\/div>\n\t\t\t\t<\/div>\n\t\t\t\t\t<\/div>\n\t\t\t\t<\/div>\n\t\t<div class=\"elementor-element elementor-element-fb6f66e e-flex e-con-boxed e-con\" data-id=\"fb6f66e\" data-element_type=\"container\" data-settings=\"{&quot;content_width&quot;:&quot;boxed&quot;}\">\n\t\t\t\t\t<div class=\"e-con-inner\">\n\t\t<div class=\"elementor-element elementor-element-a351c0f e-con-full e-flex elementor-invisible e-con\" data-id=\"a351c0f\" data-element_type=\"container\" data-settings=\"{&quot;content_width&quot;:&quot;full&quot;,&quot;background_background&quot;:&quot;classic&quot;,&quot;animation&quot;:&quot;fadeInUp&quot;,&quot;animation_delay&quot;:0}\">\n\t\t\t\t<div class=\"elementor-element elementor-element-5aaa4a0 elementor-widget elementor-widget-image\" data-id=\"5aaa4a0\" data-element_type=\"widget\" data-widget_type=\"image.default\">\n\t\t\t\t<div class=\"elementor-widget-container\">\n\t\t\t<style>\/*! elementor - v3.14.0 - 26-06-2023 *\/\n.elementor-widget-image{text-align:center}.elementor-widget-image a{display:inline-block}.elementor-widget-image a img[src$=\".svg\"]{width:48px}.elementor-widget-image img{vertical-align:middle;display:inline-block}<\/style>\t\t\t\t\t\t\t\t\t\t\t\t<img decoding=\"async\" src=\"https:\/\/spanishcarreg.com\/wp-content\/uploads\/2023\/06\/shutterstock_2297145853.png\" title=\"shutterstock_2297145853\" alt=\"Spansk registreringsskylt p\u00e5 en r\u00f6d bil\" loading=\"lazy\" \/>\t\t\t\t\t\t\t\t\t\t\t\t\t\t\t<\/div>\n\t\t\t\t<\/div>\n\t\t\t\t<div class=\"elementor-element elementor-element-07908bf elementor-widget elementor-widget-text-editor\" data-id=\"07908bf\" data-element_type=\"widget\" data-widget_type=\"text-editor.default\">\n\t\t\t\t<div class=\"elementor-widget-container\">\n\t\t\t\t\t\t\t<p><strong>Spanska registreringsskyltar<\/strong> till din bil p\u00e5 bara 2 dagar, \u00e4ven om din bil \u00e4r i Sverige eller i annat land.<\/p>\n\t\t\t\t\t\t<\/div>\n\t\t\t\t<\/div>\n\t\t\t\t<div class=\"elementor-element elementor-element-1c261a8 bottom-arrow elementor-view-default elementor-widget elementor-widget-icon\" data-id=\"1c261a8\" data-element_type=\"widget\" data-widget_type=\"icon.default\">\n\t\t\t\t<div class=\"elementor-widget-container\">\n\t\t\t\t\t<div class=\"elementor-icon-wrapper\">\n\t\t\t<a class=\"elementor-icon elementor-animation-grow\" href=\"https:\/\/spanishcarreg.com\/sv\/spanska-registreringsskyltar-pa-bara-2-dagar\/\">\n\t\t\t<svg xmlns=\"http:\/\/www.w3.org\/2000\/svg\" width=\"12\" height=\"12\" viewBox=\"0 0 12 12\"><path id=\"Icon_awesome-arrow-alt-circle-right\" data-name=\"Icon awesome-arrow-alt-circle-right\" d=\"M6.563.563a6,6,0,1,1-6,6A6,6,0,0,1,6.563.563ZM3.756,7.627H6.563V9.342a.291.291,0,0,0,.5.206l2.765-2.78a.288.288,0,0,0,0-.409L7.058,3.577a.29.29,0,0,0-.5.206V5.5H3.756a.291.291,0,0,0-.29.29V7.337A.291.291,0,0,0,3.756,7.627Z\" transform=\"translate(-0.563 -0.563)\" fill=\"#6c0a12\"><\/path><\/svg>\t\t\t<\/a>\n\t\t<\/div>\n\t\t\t\t<\/div>\n\t\t\t\t<\/div>\n\t\t\t\t<\/div>\n\t\t<div class=\"elementor-element elementor-element-b3a2bf5 e-con-full e-flex elementor-invisible e-con\" data-id=\"b3a2bf5\" data-element_type=\"container\" data-settings=\"{&quot;content_width&quot;:&quot;full&quot;,&quot;background_background&quot;:&quot;classic&quot;,&quot;animation&quot;:&quot;fadeInUp&quot;,&quot;animation_delay&quot;:0}\">\n\t\t\t\t<div class=\"elementor-element elementor-element-de2f3ce elementor-widget elementor-widget-image\" data-id=\"de2f3ce\" data-element_type=\"widget\" data-widget_type=\"image.default\">\n\t\t\t\t<div class=\"elementor-widget-container\">\n\t\t\t\t\t\t\t\t\t\t\t\t\t\t\t<img decoding=\"async\" src=\"https:\/\/spanishcarreg.com\/wp-content\/uploads\/2023\/06\/shutterstock_1903907530.png\" title=\"shutterstock_1903907530\" alt=\"Bilar som importeras eller exporteras till Spanien\" loading=\"lazy\" \/>\t\t\t\t\t\t\t\t\t\t\t\t\t\t\t<\/div>\n\t\t\t\t<\/div>\n\t\t\t\t<div class=\"elementor-element elementor-element-d1d2af7 elementor-widget elementor-widget-text-editor\" data-id=\"d1d2af7\" data-element_type=\"widget\" data-widget_type=\"text-editor.default\">\n\t\t\t\t<div class=\"elementor-widget-container\">\n\t\t\t\t\t\t\t<p><strong>Vi tar hand om allt pappersarbete f\u00f6r import av din bil<\/strong>. Vi hj\u00e4lper \u00e4ven till med avregistrering av spanskregistrerade bilar och export av bilar till Sverige eller andra l\u00e4nder.<\/p>\n\t\t\t\t\t\t<\/div>\n\t\t\t\t<\/div>\n\t\t\t\t<div class=\"elementor-element elementor-element-889b010 bottom-arrow elementor-view-default elementor-widget elementor-widget-icon\" data-id=\"889b010\" data-element_type=\"widget\" data-widget_type=\"icon.default\">\n\t\t\t\t<div class=\"elementor-widget-container\">\n\t\t\t\t\t<div class=\"elementor-icon-wrapper\">\n\t\t\t<a class=\"elementor-icon elementor-animation-grow\" href=\"https:\/\/spanishcarreg.com\/sv\/import-export\/\">\n\t\t\t<svg xmlns=\"http:\/\/www.w3.org\/2000\/svg\" width=\"12\" height=\"12\" viewBox=\"0 0 12 12\"><path id=\"Icon_awesome-arrow-alt-circle-right\" data-name=\"Icon awesome-arrow-alt-circle-right\" d=\"M6.563.563a6,6,0,1,1-6,6A6,6,0,0,1,6.563.563ZM3.756,7.627H6.563V9.342a.291.291,0,0,0,.5.206l2.765-2.78a.288.288,0,0,0,0-.409L7.058,3.577a.29.29,0,0,0-.5.206V5.5H3.756a.291.291,0,0,0-.29.29V7.337A.291.291,0,0,0,3.756,7.627Z\" transform=\"translate(-0.563 -0.563)\" fill=\"#6c0a12\"><\/path><\/svg>\t\t\t<\/a>\n\t\t<\/div>\n\t\t\t\t<\/div>\n\t\t\t\t<\/div>\n\t\t\t\t<\/div>\n\t\t<div class=\"elementor-element elementor-element-91fe919 e-con-full e-flex elementor-invisible e-con\" data-id=\"91fe919\" data-element_type=\"container\" data-settings=\"{&quot;content_width&quot;:&quot;full&quot;,&quot;background_background&quot;:&quot;classic&quot;,&quot;animation&quot;:&quot;fadeInUp&quot;,&quot;animation_delay&quot;:400}\">\n\t\t\t\t<div class=\"elementor-element elementor-element-399fca4 elementor-widget elementor-widget-image\" data-id=\"399fca4\" data-element_type=\"widget\" data-widget_type=\"image.default\">\n\t\t\t\t<div class=\"elementor-widget-container\">\n\t\t\t\t\t\t\t\t\t\t\t\t\t\t\t<img decoding=\"async\" src=\"https:\/\/spanishcarreg.com\/wp-content\/uploads\/2023\/06\/shutterstock_768749212.png\" title=\"shutterstock_768749212\" alt=\"Legalisering av r\u00f6d bil\" loading=\"lazy\" \/>\t\t\t\t\t\t\t\t\t\t\t\t\t\t\t<\/div>\n\t\t\t\t<\/div>\n\t\t\t\t<div class=\"elementor-element elementor-element-a09c881 elementor-widget elementor-widget-text-editor\" data-id=\"a09c881\" data-element_type=\"widget\" data-widget_type=\"text-editor.default\">\n\t\t\t\t<div class=\"elementor-widget-container\">\n\t\t\t\t\t\t\t<p><strong>Problemfri import och omregistrering av din bil i Spanien<\/strong>, registrering av svenska bilar i Spanien.<\/p>\n\t\t\t\t\t\t<\/div>\n\t\t\t\t<\/div>\n\t\t\t\t<div class=\"elementor-element elementor-element-8a87302 bottom-arrow elementor-view-default elementor-widget elementor-widget-icon\" data-id=\"8a87302\" data-element_type=\"widget\" data-widget_type=\"icon.default\">\n\t\t\t\t<div class=\"elementor-widget-container\">\n\t\t\t\t\t<div class=\"elementor-icon-wrapper\">\n\t\t\t<a class=\"elementor-icon elementor-animation-grow\" href=\"https:\/\/spanishcarreg.com\/sv\/omregistrering-till-spanska-registreringsskyltar\/\">\n\t\t\t<svg xmlns=\"http:\/\/www.w3.org\/2000\/svg\" width=\"12\" height=\"12\" viewBox=\"0 0 12 12\"><path id=\"Icon_awesome-arrow-alt-circle-right\" data-name=\"Icon awesome-arrow-alt-circle-right\" d=\"M6.563.563a6,6,0,1,1-6,6A6,6,0,0,1,6.563.563ZM3.756,7.627H6.563V9.342a.291.291,0,0,0,.5.206l2.765-2.78a.288.288,0,0,0,0-.409L7.058,3.577a.29.29,0,0,0-.5.206V5.5H3.756a.291.291,0,0,0-.29.29V7.337A.291.291,0,0,0,3.756,7.627Z\" transform=\"translate(-0.563 -0.563)\" fill=\"#6c0a12\"><\/path><\/svg>\t\t\t<\/a>\n\t\t<\/div>\n\t\t\t\t<\/div>\n\t\t\t\t<\/div>\n\t\t\t\t<\/div>\n\t\t<div class=\"elementor-element elementor-element-04bc745 e-con-full e-flex elementor-invisible e-con\" data-id=\"04bc745\" data-element_type=\"container\" data-settings=\"{&quot;content_width&quot;:&quot;full&quot;,&quot;background_background&quot;:&quot;classic&quot;,&quot;animation&quot;:&quot;fadeInUp&quot;,&quot;animation_delay&quot;:600}\">\n\t\t\t\t<div class=\"elementor-element elementor-element-688173c elementor-widget elementor-widget-image\" data-id=\"688173c\" data-element_type=\"widget\" data-widget_type=\"image.default\">\n\t\t\t\t<div class=\"elementor-widget-container\">\n\t\t\t\t\t\t\t\t\t\t\t\t\t\t\t<img decoding=\"async\" src=\"https:\/\/spanishcarreg.com\/wp-content\/uploads\/2023\/06\/shutterstock_1711144921.png\" title=\"shutterstock_1711144921\" alt=\"Bil som klarar IVT-testet och Homologation\" loading=\"lazy\" \/>\t\t\t\t\t\t\t\t\t\t\t\t\t\t\t<\/div>\n\t\t\t\t<\/div>\n\t\t\t\t<div class=\"elementor-element elementor-element-fd78132 elementor-widget elementor-widget-text-editor\" data-id=\"fd78132\" data-element_type=\"widget\" data-widget_type=\"text-editor.default\">\n\t\t\t\t<div class=\"elementor-widget-container\">\n\t\t\t\t\t\t\t<p><strong>ITV test and homologation.<\/strong> Vi f\u00f6rbereder importinspektioner av alla bilar, \u00e4ven av bilar utan typgodk\u00e4nnande<\/p>\n\t\t\t\t\t\t<\/div>\n\t\t\t\t<\/div>\n\t\t\t\t<div class=\"elementor-element elementor-element-39b7b15 bottom-arrow elementor-view-default elementor-widget elementor-widget-icon\" data-id=\"39b7b15\" data-element_type=\"widget\" data-widget_type=\"icon.default\">\n\t\t\t\t<div class=\"elementor-widget-container\">\n\t\t\t\t\t<div class=\"elementor-icon-wrapper\">\n\t\t\t<a class=\"elementor-icon elementor-animation-grow\" href=\"https:\/\/spanishcarreg.com\/sv\/importspektioner-och-typgodkannande\/\">\n\t\t\t<svg xmlns=\"http:\/\/www.w3.org\/2000\/svg\" width=\"12\" height=\"12\" viewBox=\"0 0 12 12\"><path id=\"Icon_awesome-arrow-alt-circle-right\" data-name=\"Icon awesome-arrow-alt-circle-right\" d=\"M6.563.563a6,6,0,1,1-6,6A6,6,0,0,1,6.563.563ZM3.756,7.627H6.563V9.342a.291.291,0,0,0,.5.206l2.765-2.78a.288.288,0,0,0,0-.409L7.058,3.577a.29.29,0,0,0-.5.206V5.5H3.756a.291.291,0,0,0-.29.29V7.337A.291.291,0,0,0,3.756,7.627Z\" transform=\"translate(-0.563 -0.563)\" fill=\"#6c0a12\"><\/path><\/svg>\t\t\t<\/a>\n\t\t<\/div>\n\t\t\t\t<\/div>\n\t\t\t\t<\/div>\n\t\t\t\t<\/div>\n\t\t\t\t\t<\/div>\n\t\t\t\t<\/div>\n\t\t<div class=\"elementor-element elementor-element-20fb8a7 e-flex e-con-boxed e-con\" data-id=\"20fb8a7\" data-element_type=\"container\" data-settings=\"{&quot;content_width&quot;:&quot;boxed&quot;}\">\n\t\t\t\t\t<div class=\"e-con-inner\">\n\t\t<div class=\"elementor-element elementor-element-169d9dc e-con-full e-flex elementor-invisible e-con\" data-id=\"169d9dc\" data-element_type=\"container\" data-settings=\"{&quot;content_width&quot;:&quot;full&quot;,&quot;background_background&quot;:&quot;classic&quot;,&quot;animation&quot;:&quot;fadeInLeft&quot;}\">\n\t\t<div class=\"elementor-element elementor-element-813bc16 e-flex e-con-boxed e-con\" data-id=\"813bc16\" data-element_type=\"container\" data-settings=\"{&quot;background_background&quot;:&quot;classic&quot;,&quot;content_width&quot;:&quot;boxed&quot;}\">\n\t\t\t\t\t<div class=\"e-con-inner\">\n\t\t\t\t\t<\/div>\n\t\t\t\t<\/div>\n\t\t\t\t<div class=\"elementor-element elementor-element-fc703ad read-article-icon elementor-icon-list--layout-traditional elementor-list-item-link-full_width elementor-widget elementor-widget-icon-list\" data-id=\"fc703ad\" data-element_type=\"widget\" data-widget_type=\"icon-list.default\">\n\t\t\t\t<div class=\"elementor-widget-container\">\n\t\t\t<link rel=\"stylesheet\" href=\"https:\/\/spanishcarreg.com\/wp-content\/uploads\/elementor\/css\/custom-widget-icon-list.min.css?ver=1689943874\">\t\t<ul class=\"elementor-icon-list-items\">\n\t\t\t\t\t\t\t<li class=\"elementor-icon-list-item\">\n\t\t\t\t\t\t\t\t\t\t\t<a href=\"\/wp-content\/uploads\/2023\/06\/attachments_swedish.pdf\" target=\"_blank\">\n\n\t\t\t\t\t\t\t\t\t\t\t\t<span class=\"elementor-icon-list-icon\">\n\t\t\t\t\t\t\t<svg xmlns=\"http:\/\/www.w3.org\/2000\/svg\" width=\"12\" height=\"12\" viewBox=\"0 0 12 12\"><path id=\"Icon_awesome-arrow-alt-circle-right\" data-name=\"Icon awesome-arrow-alt-circle-right\" d=\"M6.563.563a6,6,0,1,1-6,6A6,6,0,0,1,6.563.563ZM3.756,7.627H6.563V9.342a.291.291,0,0,0,.5.206l2.765-2.78a.288.288,0,0,0,0-.409L7.058,3.577a.29.29,0,0,0-.5.206V5.5H3.756a.291.291,0,0,0-.29.29V7.337A.291.291,0,0,0,3.756,7.627Z\" transform=\"translate(-0.563 -0.563)\" fill=\"#6c0a12\"><\/path><\/svg>\t\t\t\t\t\t<\/span>\n\t\t\t\t\t\t\t\t\t\t<span class=\"elementor-icon-list-text\">L\u00e4s artikel om Holms Bilregistrering <\/span>\n\t\t\t\t\t\t\t\t\t\t\t<\/a>\n\t\t\t\t\t\t\t\t\t<\/li>\n\t\t\t\t\t\t<\/ul>\n\t\t\t\t<\/div>\n\t\t\t\t<\/div>\n\t\t\t\t<\/div>\n\t\t<div class=\"elementor-element elementor-element-09d7eae e-con-full e-flex elementor-invisible e-con\" data-id=\"09d7eae\" data-element_type=\"container\" data-settings=\"{&quot;content_width&quot;:&quot;full&quot;,&quot;animation&quot;:&quot;fadeInRight&quot;}\">\n\t\t\t\t<div class=\"elementor-element elementor-element-ecf22e3 elementor-widget elementor-widget-heading\" data-id=\"ecf22e3\" data-element_type=\"widget\" data-widget_type=\"heading.default\">\n\t\t\t\t<div class=\"elementor-widget-container\">\n\t\t\t<h3 class=\"elementor-heading-title elementor-size-default\">OM HOLMS BILREGISTRERING<\/h3>\t\t<\/div>\n\t\t\t\t<\/div>\n\t\t\t\t<div class=\"elementor-element elementor-element-fa0e843 elementor-widget elementor-widget-heading\" data-id=\"fa0e843\" data-element_type=\"widget\" data-widget_type=\"heading.default\">\n\t\t\t\t<div class=\"elementor-widget-container\">\n\t\t\t<h4 class=\"elementor-heading-title elementor-size-default\">Mer \u00e4n 25 \u00e5rs erfarenhet av spansk bilregistrering<\/h4>\t\t<\/div>\n\t\t\t\t<\/div>\n\t\t\t\t<div class=\"elementor-element elementor-element-3e1d145 elementor-widget elementor-widget-text-editor\" data-id=\"3e1d145\" data-element_type=\"widget\" data-widget_type=\"text-editor.default\">\n\t\t\t\t<div class=\"elementor-widget-container\">\n\t\t\t\t\t\t\t<p>Holms Bilregistrering har omregistrerat fler \u00e4n 25 000 bilar till spanska registreringsskyltar och \u00e4r det st\u00f6rsta statligt auktoriserade bilregistreringsf\u00f6retaget i Spanien.<\/p>\n<p>Med en kombination av medarbetare fr\u00e5n statens motorkontor och professionella ingenj\u00f6rer kan vi l\u00f6sa alla import- och bilregistreringsrelaterade \u00e4renden.<\/p>\n<p>Vi erbjuder v\u00e5r service \u00f6verallt i Spanien och arbetar dagligen med alla lokala trafikmyndigheter. Vi kan omregistrera din bil till spanska registreringsskyltar p\u00e5 2 dagar och se till att dessa skickas till din bostad i Sverige eller i annat land.<\/p>\n<p>V\u00e5r registreringsprocess \u00e4r organiserad fr\u00e5n b\u00f6rjan till slut och garanterar enkel och problemfri omregistrering. V\u00e5r personal talar 7 olika spr\u00e5k och kan erbjuda dig hj\u00e4lpa i hela Spanien.<\/p>\n<p>Med mer \u00e4n 25 \u00e5rs erfarenhet av spansk bilregistrering kan vi erbjuda snabb, enkel och professionell hj\u00e4lp f\u00f6r alla bil- och motorcykelrelaterade \u00e4renden och omregistrera din bil till spanska registreringsskyltar.<\/p>\n<p>\u3164 \u3164<\/p>\n\t\t\t\t\t\t<\/div>\n\t\t\t\t<\/div>\n\t\t\t\t<div class=\"elementor-element elementor-element-20724dc elementor-widget elementor-widget-button\" data-id=\"20724dc\" data-element_type=\"widget\" data-widget_type=\"button.default\">\n\t\t\t\t<div class=\"elementor-widget-container\">\n\t\t\t\t\t<div class=\"elementor-button-wrapper\">\n\t\t\t<a class=\"elementor-button elementor-button-link elementor-size-sm elementor-animation-grow\" href=\"https:\/\/spanishcarreg.com\/sv\/kontakta-oss\/\">\n\t\t\t\t\t\t<span class=\"elementor-button-content-wrapper\">\n\t\t\t\t\t\t<span class=\"elementor-button-text\">Kontakta oss<\/span>\n\t\t<\/span>\n\t\t\t\t\t<\/a>\n\t\t<\/div>\n\t\t\t\t<\/div>\n\t\t\t\t<\/div>\n\t\t\t\t<\/div>\n\t\t\t\t\t<\/div>\n\t\t\t\t<\/div>\n\t\t\t\t\t\t\t<\/div>\n\t\t","protected":false},"excerpt":{"rendered":"<p>\u00c4garbyte och namn\u00e4ndring Vi har alla n\u00f6dv\u00e4ndiga dokument f\u00f6r direkt \u00e4garbyte av din bil. Kontakta oss Andra tj\u00e4nster Spanska registreringsskyltar till din bil p\u00e5 bara 2 dagar, \u00e4ven om din bil \u00e4r i Sverige eller i annat land. Vi tar hand om allt pappersarbete f\u00f6r import av din bil. Vi hj\u00e4lper \u00e4ven till med avregistrering [&hellip;]<\/p>\n","protected":false},"author":1,"featured_media":0,"parent":0,"menu_order":5,"comment_status":"closed","ping_status":"closed","template":"","meta":{"footnotes":""},"class_list":["post-994","page","type-page","status-publish","hentry"],"_links":{"self":[{"href":"https:\/\/spanishcarreg.com\/sv\/wp-json\/wp\/v2\/pages\/994","targetHints":{"allow":["GET"]}}],"collection":[{"href":"https:\/\/spanishcarreg.com\/sv\/wp-json\/wp\/v2\/pages"}],"about":[{"href":"https:\/\/spanishcarreg.com\/sv\/wp-json\/wp\/v2\/types\/page"}],"author":[{"embeddable":true,"href":"https:\/\/spanishcarreg.com\/sv\/wp-json\/wp\/v2\/users\/1"}],"replies":[{"embeddable":true,"href":"https:\/\/spanishcarreg.com\/sv\/wp-json\/wp\/v2\/comments?post=994"}],"version-history":[{"count":10,"href":"https:\/\/spanishcarreg.com\/sv\/wp-json\/wp\/v2\/pages\/994\/revisions"}],"predecessor-version":[{"id":1829,"href":"https:\/\/spanishcarreg.com\/sv\/wp-json\/wp\/v2\/pages\/994\/revisions\/1829"}],"wp:attachment":[{"href":"https:\/\/spanishcarreg.com\/sv\/wp-json\/wp\/v2\/media?parent=994"}],"curies":[{"name":"wp","href":"https:\/\/api.w.org\/{rel}","templated":true}]}}