{"id":1104,"date":"2023-05-30T10:39:49","date_gmt":"2023-05-30T09:39:49","guid":{"rendered":"http:\/\/holmes.www190-92-135-130.a2hosted.com\/spanske-skilter-pa-bare-to-dager\/"},"modified":"2023-07-24T13:16:06","modified_gmt":"2023-07-24T12:16:06","slug":"spanske-skilter-pa-bare-to-dager","status":"publish","type":"page","link":"https:\/\/spanishcarreg.com\/no\/spanske-skilter-pa-bare-to-dager\/","title":{"rendered":"Spanske skilter p\u00e5 bare to dager"},"content":{"rendered":"\t\t<div data-elementor-type=\"wp-page\" data-elementor-id=\"1104\" class=\"elementor elementor-1104 elementor-19\">\n\t\t\t\t\t\t\t<div class=\"elementor-element elementor-element-97b935b e-flex e-con-boxed e-con\" data-id=\"97b935b\" data-element_type=\"container\" data-settings=\"{&quot;content_width&quot;:&quot;boxed&quot;}\">\n\t\t\t\t\t<div class=\"e-con-inner\">\n\t\t<div class=\"elementor-element elementor-element-a88d1ef e-con-full e-flex elementor-invisible e-con\" data-id=\"a88d1ef\" data-element_type=\"container\" data-settings=\"{&quot;content_width&quot;:&quot;full&quot;,&quot;background_background&quot;:&quot;classic&quot;,&quot;animation&quot;:&quot;fadeInLeft&quot;}\">\n\t\t\t\t<\/div>\n\t\t<div class=\"elementor-element elementor-element-fa75358 e-con-full e-flex elementor-invisible e-con\" data-id=\"fa75358\" data-element_type=\"container\" data-settings=\"{&quot;content_width&quot;:&quot;full&quot;,&quot;animation&quot;:&quot;fadeInRight&quot;}\">\n\t\t\t\t<div class=\"elementor-element elementor-element-f73de7d elementor-widget elementor-widget-heading\" data-id=\"f73de7d\" data-element_type=\"widget\" data-widget_type=\"heading.default\">\n\t\t\t\t<div class=\"elementor-widget-container\">\n\t\t\t<style>\/*! elementor - v3.14.0 - 26-06-2023 *\/\n.elementor-heading-title{padding:0;margin:0;line-height:1}.elementor-widget-heading .elementor-heading-title[class*=elementor-size-]>a{color:inherit;font-size:inherit;line-height:inherit}.elementor-widget-heading .elementor-heading-title.elementor-size-small{font-size:15px}.elementor-widget-heading .elementor-heading-title.elementor-size-medium{font-size:19px}.elementor-widget-heading .elementor-heading-title.elementor-size-large{font-size:29px}.elementor-widget-heading .elementor-heading-title.elementor-size-xl{font-size:39px}.elementor-widget-heading .elementor-heading-title.elementor-size-xxl{font-size:59px}<\/style><h1 class=\"elementor-heading-title elementor-size-default\">Spanske skilter til bilen din p\u00e5 bare to dager<\/h1>\t\t<\/div>\n\t\t\t\t<\/div>\n\t\t\t\t<div class=\"elementor-element elementor-element-6ee2e44 elementor-widget elementor-widget-text-editor\" data-id=\"6ee2e44\" data-element_type=\"widget\" data-widget_type=\"text-editor.default\">\n\t\t\t\t<div class=\"elementor-widget-container\">\n\t\t\t<style>\/*! elementor - v3.14.0 - 26-06-2023 *\/\n.elementor-widget-text-editor.elementor-drop-cap-view-stacked .elementor-drop-cap{background-color:#69727d;color:#fff}.elementor-widget-text-editor.elementor-drop-cap-view-framed .elementor-drop-cap{color:#69727d;border:3px solid;background-color:transparent}.elementor-widget-text-editor:not(.elementor-drop-cap-view-default) .elementor-drop-cap{margin-top:8px}.elementor-widget-text-editor:not(.elementor-drop-cap-view-default) .elementor-drop-cap-letter{width:1em;height:1em}.elementor-widget-text-editor .elementor-drop-cap{float:left;text-align:center;line-height:1;font-size:50px}.elementor-widget-text-editor .elementor-drop-cap-letter{display:inline-block}<\/style>\t\t\t\t<p>Spanske skilter til bilen din p\u00e5 bare to dager, selv hvis bilen din er i Norge eller et annet land.<\/p>\n<p>Unng\u00e5 spansk byr\u00e5krati. Vi ordner alle prosesser og papirarbeid for registrering av bilen din.<\/p>\n\t\t\t\t\t\t<\/div>\n\t\t\t\t<\/div>\n\t\t\t\t<div class=\"elementor-element elementor-element-2945b0d elementor-align-left elementor-hidden-desktop elementor-hidden-tablet elementor-widget elementor-widget-button\" data-id=\"2945b0d\" data-element_type=\"widget\" data-widget_type=\"button.default\">\n\t\t\t\t<div class=\"elementor-widget-container\">\n\t\t\t\t\t<div class=\"elementor-button-wrapper\">\n\t\t\t<a class=\"elementor-button elementor-button-link elementor-size-sm elementor-animation-grow\" href=\"https:\/\/spanishcarreg.com\/no\/kontakt-oss\/\">\n\t\t\t\t\t\t<span class=\"elementor-button-content-wrapper\">\n\t\t\t\t\t\t<span class=\"elementor-button-text\">Kontakt oss<\/span>\n\t\t<\/span>\n\t\t\t\t\t<\/a>\n\t\t<\/div>\n\t\t\t\t<\/div>\n\t\t\t\t<\/div>\n\t\t\t\t<\/div>\n\t\t\t\t\t<\/div>\n\t\t\t\t<\/div>\n\t\t<div class=\"elementor-element elementor-element-752763e e-flex e-con-boxed elementor-invisible e-con\" data-id=\"752763e\" data-element_type=\"container\" data-settings=\"{&quot;animation&quot;:&quot;fadeInUp&quot;,&quot;content_width&quot;:&quot;boxed&quot;}\">\n\t\t\t\t\t<div class=\"e-con-inner\">\n\t\t\t\t<div class=\"elementor-element elementor-element-b58f11e elementor-widget elementor-widget-heading\" data-id=\"b58f11e\" data-element_type=\"widget\" data-widget_type=\"heading.default\">\n\t\t\t\t<div class=\"elementor-widget-container\">\n\t\t\t<h3 class=\"elementor-heading-title elementor-size-default\">Andre tjenester<\/h3>\t\t<\/div>\n\t\t\t\t<\/div>\n\t\t\t\t\t<\/div>\n\t\t\t\t<\/div>\n\t\t<div class=\"elementor-element elementor-element-678bd05 e-flex e-con-boxed e-con\" data-id=\"678bd05\" data-element_type=\"container\" data-settings=\"{&quot;content_width&quot;:&quot;boxed&quot;}\">\n\t\t\t\t\t<div class=\"e-con-inner\">\n\t\t<div class=\"elementor-element elementor-element-97d288d e-con-full e-flex elementor-invisible e-con\" data-id=\"97d288d\" data-element_type=\"container\" data-settings=\"{&quot;content_width&quot;:&quot;full&quot;,&quot;background_background&quot;:&quot;classic&quot;,&quot;animation&quot;:&quot;fadeInUp&quot;,&quot;animation_delay&quot;:0}\">\n\t\t\t\t<div class=\"elementor-element elementor-element-bf41d46 elementor-widget elementor-widget-image\" data-id=\"bf41d46\" data-element_type=\"widget\" data-widget_type=\"image.default\">\n\t\t\t\t<div class=\"elementor-widget-container\">\n\t\t\t<style>\/*! elementor - v3.14.0 - 26-06-2023 *\/\n.elementor-widget-image{text-align:center}.elementor-widget-image a{display:inline-block}.elementor-widget-image a img[src$=\".svg\"]{width:48px}.elementor-widget-image img{vertical-align:middle;display:inline-block}<\/style>\t\t\t\t\t\t\t\t\t\t\t\t<img decoding=\"async\" src=\"https:\/\/spanishcarreg.com\/wp-content\/uploads\/2023\/06\/shutterstock_1903907530.png\" title=\"shutterstock_1903907530\" alt=\"Biler som importeres eller eksporteres til Spania\" loading=\"lazy\" \/>\t\t\t\t\t\t\t\t\t\t\t\t\t\t\t<\/div>\n\t\t\t\t<\/div>\n\t\t\t\t<div class=\"elementor-element elementor-element-cc4533c elementor-widget elementor-widget-text-editor\" data-id=\"cc4533c\" data-element_type=\"widget\" data-widget_type=\"text-editor.default\">\n\t\t\t\t<div class=\"elementor-widget-container\">\n\t\t\t\t\t\t\t<p><strong>Vi ordner alt papirarbeid for importen av bilen din<\/strong>. Vi kan spr\u00e5ket og kjenner systemet.<\/p>\n\t\t\t\t\t\t<\/div>\n\t\t\t\t<\/div>\n\t\t\t\t<div class=\"elementor-element elementor-element-7ee9b01 bottom-arrow elementor-view-default elementor-widget elementor-widget-icon\" data-id=\"7ee9b01\" data-element_type=\"widget\" data-widget_type=\"icon.default\">\n\t\t\t\t<div class=\"elementor-widget-container\">\n\t\t\t\t\t<div class=\"elementor-icon-wrapper\">\n\t\t\t<a class=\"elementor-icon elementor-animation-grow\" href=\"https:\/\/spanishcarreg.com\/no\/import-eksport\/\">\n\t\t\t<svg xmlns=\"http:\/\/www.w3.org\/2000\/svg\" width=\"12\" height=\"12\" viewBox=\"0 0 12 12\"><path id=\"Icon_awesome-arrow-alt-circle-right\" data-name=\"Icon awesome-arrow-alt-circle-right\" d=\"M6.563.563a6,6,0,1,1-6,6A6,6,0,0,1,6.563.563ZM3.756,7.627H6.563V9.342a.291.291,0,0,0,.5.206l2.765-2.78a.288.288,0,0,0,0-.409L7.058,3.577a.29.29,0,0,0-.5.206V5.5H3.756a.291.291,0,0,0-.29.29V7.337A.291.291,0,0,0,3.756,7.627Z\" transform=\"translate(-0.563 -0.563)\" fill=\"#6c0a12\"><\/path><\/svg>\t\t\t<\/a>\n\t\t<\/div>\n\t\t\t\t<\/div>\n\t\t\t\t<\/div>\n\t\t\t\t<\/div>\n\t\t<div class=\"elementor-element elementor-element-009e1f6 e-con-full e-flex elementor-invisible e-con\" data-id=\"009e1f6\" data-element_type=\"container\" data-settings=\"{&quot;content_width&quot;:&quot;full&quot;,&quot;background_background&quot;:&quot;classic&quot;,&quot;animation&quot;:&quot;fadeInUp&quot;,&quot;animation_delay&quot;:200}\">\n\t\t\t\t<div class=\"elementor-element elementor-element-de8b694 elementor-widget elementor-widget-image\" data-id=\"de8b694\" data-element_type=\"widget\" data-widget_type=\"image.default\">\n\t\t\t\t<div class=\"elementor-widget-container\">\n\t\t\t\t\t\t\t\t\t\t\t\t\t\t\t<img decoding=\"async\" src=\"https:\/\/spanishcarreg.com\/wp-content\/uploads\/2023\/06\/shutterstock_768749212.png\" title=\"shutterstock_768749212\" alt=\"Legalisering av r\u00f8d bil\" loading=\"lazy\" \/>\t\t\t\t\t\t\t\t\t\t\t\t\t\t\t<\/div>\n\t\t\t\t<\/div>\n\t\t\t\t<div class=\"elementor-element elementor-element-ad208ee elementor-widget elementor-widget-text-editor\" data-id=\"ad208ee\" data-element_type=\"widget\" data-widget_type=\"text-editor.default\">\n\t\t\t\t<div class=\"elementor-widget-container\">\n\t\t\t\t\t\t\t<p><strong>Problemfri import og omregistrering av bilen din i Spania<\/strong>, og registrering av norske biler i Spania.<\/p>\n\t\t\t\t\t\t<\/div>\n\t\t\t\t<\/div>\n\t\t\t\t<div class=\"elementor-element elementor-element-ea55f73 bottom-arrow elementor-view-default elementor-widget elementor-widget-icon\" data-id=\"ea55f73\" data-element_type=\"widget\" data-widget_type=\"icon.default\">\n\t\t\t\t<div class=\"elementor-widget-container\">\n\t\t\t\t\t<div class=\"elementor-icon-wrapper\">\n\t\t\t<a class=\"elementor-icon elementor-animation-grow\" href=\"https:\/\/spanishcarreg.com\/no\/omregistrering-til-spanske-skilter\/\">\n\t\t\t<svg xmlns=\"http:\/\/www.w3.org\/2000\/svg\" width=\"12\" height=\"12\" viewBox=\"0 0 12 12\"><path id=\"Icon_awesome-arrow-alt-circle-right\" data-name=\"Icon awesome-arrow-alt-circle-right\" d=\"M6.563.563a6,6,0,1,1-6,6A6,6,0,0,1,6.563.563ZM3.756,7.627H6.563V9.342a.291.291,0,0,0,.5.206l2.765-2.78a.288.288,0,0,0,0-.409L7.058,3.577a.29.29,0,0,0-.5.206V5.5H3.756a.291.291,0,0,0-.29.29V7.337A.291.291,0,0,0,3.756,7.627Z\" transform=\"translate(-0.563 -0.563)\" fill=\"#6c0a12\"><\/path><\/svg>\t\t\t<\/a>\n\t\t<\/div>\n\t\t\t\t<\/div>\n\t\t\t\t<\/div>\n\t\t\t\t<\/div>\n\t\t<div class=\"elementor-element elementor-element-e1700f4 e-con-full e-flex elementor-invisible e-con\" data-id=\"e1700f4\" data-element_type=\"container\" data-settings=\"{&quot;content_width&quot;:&quot;full&quot;,&quot;background_background&quot;:&quot;classic&quot;,&quot;animation&quot;:&quot;fadeInUp&quot;,&quot;animation_delay&quot;:400}\">\n\t\t\t\t<div class=\"elementor-element elementor-element-867b751 elementor-widget elementor-widget-image\" data-id=\"867b751\" data-element_type=\"widget\" data-widget_type=\"image.default\">\n\t\t\t\t<div class=\"elementor-widget-container\">\n\t\t\t\t\t\t\t\t\t\t\t\t\t\t\t<img decoding=\"async\" src=\"https:\/\/spanishcarreg.com\/wp-content\/uploads\/2023\/06\/shutterstock_2175244659.png\" title=\"shutterstock_2175244659\" alt=\"Overf\u00f8ring av eierskap av kj\u00f8ret\u00f8y i Spania\" loading=\"lazy\" \/>\t\t\t\t\t\t\t\t\t\t\t\t\t\t\t<\/div>\n\t\t\t\t<\/div>\n\t\t\t\t<div class=\"elementor-element elementor-element-7573c62 elementor-widget elementor-widget-text-editor\" data-id=\"7573c62\" data-element_type=\"widget\" data-widget_type=\"text-editor.default\">\n\t\t\t\t<div class=\"elementor-widget-container\">\n\t\t\t\t\t\t\t<p><strong>Eierskifte og navnendring.<\/strong> Vi har alle de n\u00f8dvendige sertifikater for \u00f8yeblikkelig eierskifte av bilen din.<\/p>\n\t\t\t\t\t\t<\/div>\n\t\t\t\t<\/div>\n\t\t\t\t<div class=\"elementor-element elementor-element-a0825ca bottom-arrow elementor-view-default elementor-widget elementor-widget-icon\" data-id=\"a0825ca\" data-element_type=\"widget\" data-widget_type=\"icon.default\">\n\t\t\t\t<div class=\"elementor-widget-container\">\n\t\t\t\t\t<div class=\"elementor-icon-wrapper\">\n\t\t\t<a class=\"elementor-icon elementor-animation-grow\" href=\"https:\/\/spanishcarreg.com\/no\/eierskifte-og-navnendring\/\">\n\t\t\t<svg xmlns=\"http:\/\/www.w3.org\/2000\/svg\" width=\"12\" height=\"12\" viewBox=\"0 0 12 12\"><path id=\"Icon_awesome-arrow-alt-circle-right\" data-name=\"Icon awesome-arrow-alt-circle-right\" d=\"M6.563.563a6,6,0,1,1-6,6A6,6,0,0,1,6.563.563ZM3.756,7.627H6.563V9.342a.291.291,0,0,0,.5.206l2.765-2.78a.288.288,0,0,0,0-.409L7.058,3.577a.29.29,0,0,0-.5.206V5.5H3.756a.291.291,0,0,0-.29.29V7.337A.291.291,0,0,0,3.756,7.627Z\" transform=\"translate(-0.563 -0.563)\" fill=\"#6c0a12\"><\/path><\/svg>\t\t\t<\/a>\n\t\t<\/div>\n\t\t\t\t<\/div>\n\t\t\t\t<\/div>\n\t\t\t\t<\/div>\n\t\t<div class=\"elementor-element elementor-element-ba8176d e-con-full e-flex elementor-invisible e-con\" data-id=\"ba8176d\" data-element_type=\"container\" data-settings=\"{&quot;content_width&quot;:&quot;full&quot;,&quot;background_background&quot;:&quot;classic&quot;,&quot;animation&quot;:&quot;fadeInUp&quot;,&quot;animation_delay&quot;:600}\">\n\t\t\t\t<div class=\"elementor-element elementor-element-42aa8cb elementor-widget elementor-widget-image\" data-id=\"42aa8cb\" data-element_type=\"widget\" data-widget_type=\"image.default\">\n\t\t\t\t<div class=\"elementor-widget-container\">\n\t\t\t\t\t\t\t\t\t\t\t\t\t\t\t<img decoding=\"async\" src=\"https:\/\/spanishcarreg.com\/wp-content\/uploads\/2023\/06\/shutterstock_1711144921.png\" title=\"shutterstock_1711144921\" alt=\"Biler som har best\u00e5tt IVT-testen og homologering\" loading=\"lazy\" \/>\t\t\t\t\t\t\t\t\t\t\t\t\t\t\t<\/div>\n\t\t\t\t<\/div>\n\t\t\t\t<div class=\"elementor-element elementor-element-e80e602 elementor-widget elementor-widget-text-editor\" data-id=\"e80e602\" data-element_type=\"widget\" data-widget_type=\"text-editor.default\">\n\t\t\t\t<div class=\"elementor-widget-container\">\n\t\t\t\t\t\t\t<p><strong>Vi forbereder Importkontroll \/ EU-Kontroll for alle biler,<\/strong> ogs\u00e5 biler uten typegodkjennelse<\/p>\n\t\t\t\t\t\t<\/div>\n\t\t\t\t<\/div>\n\t\t\t\t<div class=\"elementor-element elementor-element-aa7e460 bottom-arrow elementor-view-default elementor-widget elementor-widget-icon\" data-id=\"aa7e460\" data-element_type=\"widget\" data-widget_type=\"icon.default\">\n\t\t\t\t<div class=\"elementor-widget-container\">\n\t\t\t\t\t<div class=\"elementor-icon-wrapper\">\n\t\t\t<a class=\"elementor-icon elementor-animation-grow\" href=\"https:\/\/spanishcarreg.com\/no\/importkontroll-eu-kontroll-og-typegodkjennelse\/\">\n\t\t\t<svg xmlns=\"http:\/\/www.w3.org\/2000\/svg\" width=\"12\" height=\"12\" viewBox=\"0 0 12 12\"><path id=\"Icon_awesome-arrow-alt-circle-right\" data-name=\"Icon awesome-arrow-alt-circle-right\" d=\"M6.563.563a6,6,0,1,1-6,6A6,6,0,0,1,6.563.563ZM3.756,7.627H6.563V9.342a.291.291,0,0,0,.5.206l2.765-2.78a.288.288,0,0,0,0-.409L7.058,3.577a.29.29,0,0,0-.5.206V5.5H3.756a.291.291,0,0,0-.29.29V7.337A.291.291,0,0,0,3.756,7.627Z\" transform=\"translate(-0.563 -0.563)\" fill=\"#6c0a12\"><\/path><\/svg>\t\t\t<\/a>\n\t\t<\/div>\n\t\t\t\t<\/div>\n\t\t\t\t<\/div>\n\t\t\t\t<\/div>\n\t\t\t\t\t<\/div>\n\t\t\t\t<\/div>\n\t\t<div class=\"elementor-element elementor-element-1caeaa5 e-flex e-con-boxed e-con\" data-id=\"1caeaa5\" data-element_type=\"container\" data-settings=\"{&quot;content_width&quot;:&quot;boxed&quot;}\">\n\t\t\t\t\t<div class=\"e-con-inner\">\n\t\t<div class=\"elementor-element elementor-element-8f1f286 e-con-full e-flex elementor-invisible e-con\" data-id=\"8f1f286\" data-element_type=\"container\" data-settings=\"{&quot;content_width&quot;:&quot;full&quot;,&quot;background_background&quot;:&quot;classic&quot;,&quot;animation&quot;:&quot;fadeInLeft&quot;}\">\n\t\t<div class=\"elementor-element elementor-element-6498dfe e-flex e-con-boxed e-con\" data-id=\"6498dfe\" data-element_type=\"container\" data-settings=\"{&quot;background_background&quot;:&quot;classic&quot;,&quot;content_width&quot;:&quot;boxed&quot;}\">\n\t\t\t\t\t<div class=\"e-con-inner\">\n\t\t\t\t\t<\/div>\n\t\t\t\t<\/div>\n\t\t\t\t<div class=\"elementor-element elementor-element-dc4c066 read-article-icon elementor-icon-list--layout-traditional elementor-list-item-link-full_width elementor-widget elementor-widget-icon-list\" data-id=\"dc4c066\" data-element_type=\"widget\" data-widget_type=\"icon-list.default\">\n\t\t\t\t<div class=\"elementor-widget-container\">\n\t\t\t<link rel=\"stylesheet\" href=\"https:\/\/spanishcarreg.com\/wp-content\/uploads\/elementor\/css\/custom-widget-icon-list.min.css?ver=1689943874\">\t\t<ul class=\"elementor-icon-list-items\">\n\t\t\t\t\t\t\t<li class=\"elementor-icon-list-item\">\n\t\t\t\t\t\t\t\t\t\t\t<a href=\"\/wp-content\/uploads\/2023\/06\/attachments_norweigian.pdf\" target=\"_blank\">\n\n\t\t\t\t\t\t\t\t\t\t\t\t<span class=\"elementor-icon-list-icon\">\n\t\t\t\t\t\t\t<svg xmlns=\"http:\/\/www.w3.org\/2000\/svg\" width=\"12\" height=\"12\" viewBox=\"0 0 12 12\"><path id=\"Icon_awesome-arrow-alt-circle-right\" data-name=\"Icon awesome-arrow-alt-circle-right\" d=\"M6.563.563a6,6,0,1,1-6,6A6,6,0,0,1,6.563.563ZM3.756,7.627H6.563V9.342a.291.291,0,0,0,.5.206l2.765-2.78a.288.288,0,0,0,0-.409L7.058,3.577a.29.29,0,0,0-.5.206V5.5H3.756a.291.291,0,0,0-.29.29V7.337A.291.291,0,0,0,3.756,7.627Z\" transform=\"translate(-0.563 -0.563)\" fill=\"#6c0a12\"><\/path><\/svg>\t\t\t\t\t\t<\/span>\n\t\t\t\t\t\t\t\t\t\t<span class=\"elementor-icon-list-text\">Les artikkel om Holms Bilregistrering <\/span>\n\t\t\t\t\t\t\t\t\t\t\t<\/a>\n\t\t\t\t\t\t\t\t\t<\/li>\n\t\t\t\t\t\t<\/ul>\n\t\t\t\t<\/div>\n\t\t\t\t<\/div>\n\t\t\t\t<\/div>\n\t\t<div class=\"elementor-element elementor-element-aff4222 e-con-full e-flex elementor-invisible e-con\" data-id=\"aff4222\" data-element_type=\"container\" data-settings=\"{&quot;content_width&quot;:&quot;full&quot;,&quot;animation&quot;:&quot;fadeInRight&quot;}\">\n\t\t\t\t<div class=\"elementor-element elementor-element-ad8e57b elementor-widget elementor-widget-heading\" data-id=\"ad8e57b\" data-element_type=\"widget\" data-widget_type=\"heading.default\">\n\t\t\t\t<div class=\"elementor-widget-container\">\n\t\t\t<h3 class=\"elementor-heading-title elementor-size-default\">OM HOLMS BILREGISTRERING<\/h3>\t\t<\/div>\n\t\t\t\t<\/div>\n\t\t\t\t<div class=\"elementor-element elementor-element-4949729 elementor-widget elementor-widget-heading\" data-id=\"4949729\" data-element_type=\"widget\" data-widget_type=\"heading.default\">\n\t\t\t\t<div class=\"elementor-widget-container\">\n\t\t\t<h4 class=\"elementor-heading-title elementor-size-default\">Med mer enn 25 \u00e5rs erfaring innen spansk bilregistrering<\/h4>\t\t<\/div>\n\t\t\t\t<\/div>\n\t\t\t\t<div class=\"elementor-element elementor-element-121823e elementor-widget elementor-widget-text-editor\" data-id=\"121823e\" data-element_type=\"widget\" data-widget_type=\"text-editor.default\">\n\t\t\t\t<div class=\"elementor-widget-container\">\n\t\t\t\t\t\t\t<p>Holms Bilregistrering har omregistrert flere enn 25 000 biler til spanske skilter og er det st\u00f8rste statsautoriserte bilregistreringsfirmaet i Spania.<\/p>\n<p>Med en kombinasjon av medarbeidere fra statens biltilsyn og profesjonelle ingeni\u00f8rer, kan vi l\u00f8se alle import- og bilregistreringsrelaterte oppgaver.<\/p>\n<p>Vi kan tilby v\u00e5re tjenester overalt i Spania og jobber med alle lokale biltilsyn daglig.<\/p>\n<p>Vi kan omregistrere bilen din til spanske skilter p\u00e5 to dager og ha skiltene sendt til ditt hjem i Norge eller i andre land.<\/p>\n<p>V\u00e5r registreringsprosess er organisert fra start til m\u00e5l og garanterer en lett og problemfri omregistrering.<\/p>\n<p>V\u00e5re medarbeidere snakker syv forskjellige spr\u00e5k og kan hjelpe deg over hele Spania.<\/p>\n\t\t\t\t\t\t<\/div>\n\t\t\t\t<\/div>\n\t\t\t\t<div class=\"elementor-element elementor-element-a045fff elementor-widget elementor-widget-button\" data-id=\"a045fff\" data-element_type=\"widget\" data-widget_type=\"button.default\">\n\t\t\t\t<div class=\"elementor-widget-container\">\n\t\t\t\t\t<div class=\"elementor-button-wrapper\">\n\t\t\t<a class=\"elementor-button elementor-button-link elementor-size-sm elementor-animation-grow\" href=\"https:\/\/spanishcarreg.com\/no\/kontakt-oss\/\">\n\t\t\t\t\t\t<span class=\"elementor-button-content-wrapper\">\n\t\t\t\t\t\t<span class=\"elementor-button-text\">Kontakt oss<\/span>\n\t\t<\/span>\n\t\t\t\t\t<\/a>\n\t\t<\/div>\n\t\t\t\t<\/div>\n\t\t\t\t<\/div>\n\t\t\t\t<\/div>\n\t\t\t\t\t<\/div>\n\t\t\t\t<\/div>\n\t\t\t\t\t\t\t<\/div>\n\t\t","protected":false},"excerpt":{"rendered":"<p>Spanske skilter til bilen din p\u00e5 bare to dager Spanske skilter til bilen din p\u00e5 bare to dager, selv hvis bilen din er i Norge eller et annet land. Unng\u00e5 spansk byr\u00e5krati. Vi ordner alle prosesser og papirarbeid for registrering av bilen din. Kontakt oss Andre tjenester Vi ordner alt papirarbeid for importen av bilen [&hellip;]<\/p>\n","protected":false},"author":1,"featured_media":0,"parent":0,"menu_order":2,"comment_status":"closed","ping_status":"closed","template":"","meta":{"footnotes":""},"class_list":["post-1104","page","type-page","status-publish","hentry"],"_links":{"self":[{"href":"https:\/\/spanishcarreg.com\/no\/wp-json\/wp\/v2\/pages\/1104","targetHints":{"allow":["GET"]}}],"collection":[{"href":"https:\/\/spanishcarreg.com\/no\/wp-json\/wp\/v2\/pages"}],"about":[{"href":"https:\/\/spanishcarreg.com\/no\/wp-json\/wp\/v2\/types\/page"}],"author":[{"embeddable":true,"href":"https:\/\/spanishcarreg.com\/no\/wp-json\/wp\/v2\/users\/1"}],"replies":[{"embeddable":true,"href":"https:\/\/spanishcarreg.com\/no\/wp-json\/wp\/v2\/comments?post=1104"}],"version-history":[{"count":10,"href":"https:\/\/spanishcarreg.com\/no\/wp-json\/wp\/v2\/pages\/1104\/revisions"}],"predecessor-version":[{"id":1835,"href":"https:\/\/spanishcarreg.com\/no\/wp-json\/wp\/v2\/pages\/1104\/revisions\/1835"}],"wp:attachment":[{"href":"https:\/\/spanishcarreg.com\/no\/wp-json\/wp\/v2\/media?parent=1104"}],"curies":[{"name":"wp","href":"https:\/\/api.w.org\/{rel}","templated":true}]}}