{"id":1096,"date":"2023-05-30T10:10:43","date_gmt":"2023-05-30T09:10:43","guid":{"rendered":"http:\/\/holmes.www190-92-135-130.a2hosted.com\/home\/"},"modified":"2024-11-15T15:49:00","modified_gmt":"2024-11-15T15:49:00","slug":"home","status":"publish","type":"page","link":"https:\/\/spanishcarreg.com\/no\/","title":{"rendered":"Home"},"content":{"rendered":"\t\t<div data-elementor-type=\"wp-page\" data-elementor-id=\"1096\" class=\"elementor elementor-1096 elementor-15\">\n\t\t\t\t\t\t\t<div class=\"elementor-element elementor-element-a63cd12 e-flex e-con-boxed elementor-invisible e-con\" data-id=\"a63cd12\" data-element_type=\"container\" data-settings=\"{&quot;animation&quot;:&quot;fadeIn&quot;,&quot;content_width&quot;:&quot;boxed&quot;}\">\n\t\t\t\t\t<div class=\"e-con-inner\">\n\t\t\t\t<div class=\"elementor-element elementor-element-be5470f elementor-widget__width-initial elementor-widget elementor-widget-heading\" data-id=\"be5470f\" data-element_type=\"widget\" data-widget_type=\"heading.default\">\n\t\t\t\t<div class=\"elementor-widget-container\">\n\t\t\t<style>\/*! elementor - v3.14.0 - 26-06-2023 *\/\n.elementor-heading-title{padding:0;margin:0;line-height:1}.elementor-widget-heading .elementor-heading-title[class*=elementor-size-]>a{color:inherit;font-size:inherit;line-height:inherit}.elementor-widget-heading .elementor-heading-title.elementor-size-small{font-size:15px}.elementor-widget-heading .elementor-heading-title.elementor-size-medium{font-size:19px}.elementor-widget-heading .elementor-heading-title.elementor-size-large{font-size:29px}.elementor-widget-heading .elementor-heading-title.elementor-size-xl{font-size:39px}.elementor-widget-heading .elementor-heading-title.elementor-size-xxl{font-size:59px}<\/style><h1 class=\"elementor-heading-title elementor-size-default\">Vi tilbyr rask, lett og profesjonell hjelp for alle bil- og motorsykkelrelaterte oppgaver<\/h1>\t\t<\/div>\n\t\t\t\t<\/div>\n\t\t<div class=\"elementor-element elementor-element-4edc283 e-con-full e-flex e-con\" data-id=\"4edc283\" data-element_type=\"container\" data-settings=\"{&quot;content_width&quot;:&quot;full&quot;,&quot;background_background&quot;:&quot;classic&quot;}\">\n\t\t\t\t<\/div>\n\t\t\t\t\t<\/div>\n\t\t\t\t<\/div>\n\t\t<div class=\"elementor-element elementor-element-8daa052 e-flex e-con-boxed e-con\" data-id=\"8daa052\" data-element_type=\"container\" data-settings=\"{&quot;content_width&quot;:&quot;boxed&quot;}\">\n\t\t\t\t\t<div class=\"e-con-inner\">\n\t\t<div class=\"elementor-element elementor-element-7bf422b e-con-full e-flex elementor-invisible e-con\" data-id=\"7bf422b\" data-element_type=\"container\" data-settings=\"{&quot;content_width&quot;:&quot;full&quot;,&quot;background_background&quot;:&quot;classic&quot;,&quot;animation&quot;:&quot;fadeInUp&quot;,&quot;animation_delay&quot;:0}\">\n\t\t\t\t<div class=\"elementor-element elementor-element-8dda1f7 elementor-widget elementor-widget-image\" data-id=\"8dda1f7\" data-element_type=\"widget\" data-settings=\"{&quot;_animation&quot;:&quot;none&quot;,&quot;_animation_delay&quot;:0}\" data-widget_type=\"image.default\">\n\t\t\t\t<div class=\"elementor-widget-container\">\n\t\t\t<style>\/*! elementor - v3.14.0 - 26-06-2023 *\/\n.elementor-widget-image{text-align:center}.elementor-widget-image a{display:inline-block}.elementor-widget-image a img[src$=\".svg\"]{width:48px}.elementor-widget-image img{vertical-align:middle;display:inline-block}<\/style>\t\t\t\t\t\t\t\t\t\t\t\t<img decoding=\"async\" src=\"https:\/\/spanishcarreg.com\/wp-content\/uploads\/2023\/06\/shutterstock_2297145853.png\" title=\"shutterstock_2297145853\" alt=\"Spansk nummerskilt p\u00e5 en r\u00f8d bil\" loading=\"lazy\" \/>\t\t\t\t\t\t\t\t\t\t\t\t\t\t\t<\/div>\n\t\t\t\t<\/div>\n\t\t\t\t<div class=\"elementor-element elementor-element-d1875ef elementor-widget elementor-widget-text-editor\" data-id=\"d1875ef\" data-element_type=\"widget\" data-widget_type=\"text-editor.default\">\n\t\t\t\t<div class=\"elementor-widget-container\">\n\t\t\t<style>\/*! elementor - v3.14.0 - 26-06-2023 *\/\n.elementor-widget-text-editor.elementor-drop-cap-view-stacked .elementor-drop-cap{background-color:#69727d;color:#fff}.elementor-widget-text-editor.elementor-drop-cap-view-framed .elementor-drop-cap{color:#69727d;border:3px solid;background-color:transparent}.elementor-widget-text-editor:not(.elementor-drop-cap-view-default) .elementor-drop-cap{margin-top:8px}.elementor-widget-text-editor:not(.elementor-drop-cap-view-default) .elementor-drop-cap-letter{width:1em;height:1em}.elementor-widget-text-editor .elementor-drop-cap{float:left;text-align:center;line-height:1;font-size:50px}.elementor-widget-text-editor .elementor-drop-cap-letter{display:inline-block}<\/style>\t\t\t\t<p><strong>Spanske skilter<\/strong> til din bil p\u00e5 bare to dager, selv hvis din bil er i Norge eller i et annet land.<\/p>\n\t\t\t\t\t\t<\/div>\n\t\t\t\t<\/div>\n\t\t\t\t<div class=\"elementor-element elementor-element-cd8db3b bottom-arrow elementor-view-default elementor-widget elementor-widget-icon\" data-id=\"cd8db3b\" data-element_type=\"widget\" data-widget_type=\"icon.default\">\n\t\t\t\t<div class=\"elementor-widget-container\">\n\t\t\t\t\t<div class=\"elementor-icon-wrapper\">\n\t\t\t<a class=\"elementor-icon elementor-animation-grow\" href=\"https:\/\/spanishcarreg.com\/no\/spanske-skilter-pa-bare-to-dager\/\">\n\t\t\t<svg xmlns=\"http:\/\/www.w3.org\/2000\/svg\" width=\"12\" height=\"12\" viewBox=\"0 0 12 12\"><path id=\"Icon_awesome-arrow-alt-circle-right\" data-name=\"Icon awesome-arrow-alt-circle-right\" d=\"M6.563.563a6,6,0,1,1-6,6A6,6,0,0,1,6.563.563ZM3.756,7.627H6.563V9.342a.291.291,0,0,0,.5.206l2.765-2.78a.288.288,0,0,0,0-.409L7.058,3.577a.29.29,0,0,0-.5.206V5.5H3.756a.291.291,0,0,0-.29.29V7.337A.291.291,0,0,0,3.756,7.627Z\" transform=\"translate(-0.563 -0.563)\" fill=\"#6c0a12\"><\/path><\/svg>\t\t\t<\/a>\n\t\t<\/div>\n\t\t\t\t<\/div>\n\t\t\t\t<\/div>\n\t\t\t\t<\/div>\n\t\t<div class=\"elementor-element elementor-element-2ad5fc2 e-con-full e-flex elementor-invisible e-con\" data-id=\"2ad5fc2\" data-element_type=\"container\" data-settings=\"{&quot;content_width&quot;:&quot;full&quot;,&quot;background_background&quot;:&quot;classic&quot;,&quot;animation&quot;:&quot;fadeInUp&quot;,&quot;animation_delay&quot;:200}\">\n\t\t\t\t<div class=\"elementor-element elementor-element-85d170f elementor-widget elementor-widget-image\" data-id=\"85d170f\" data-element_type=\"widget\" data-widget_type=\"image.default\">\n\t\t\t\t<div class=\"elementor-widget-container\">\n\t\t\t\t\t\t\t\t\t\t\t\t\t\t\t<img decoding=\"async\" src=\"https:\/\/spanishcarreg.com\/wp-content\/uploads\/2023\/06\/shutterstock_1903907530.png\" title=\"shutterstock_1903907530\" alt=\"Biler som importeres eller eksporteres til Spania\" loading=\"lazy\" \/>\t\t\t\t\t\t\t\t\t\t\t\t\t\t\t<\/div>\n\t\t\t\t<\/div>\n\t\t\t\t<div class=\"elementor-element elementor-element-d4525af elementor-widget elementor-widget-text-editor\" data-id=\"d4525af\" data-element_type=\"widget\" data-widget_type=\"text-editor.default\">\n\t\t\t\t<div class=\"elementor-widget-container\">\n\t\t\t\t\t\t\t<p><strong>Vi ordner alt papirarbeid for importen av bilen din<\/strong>. Vi kan spr\u00e5ket og kjenner systemet.<\/p>\n\t\t\t\t\t\t<\/div>\n\t\t\t\t<\/div>\n\t\t\t\t<div class=\"elementor-element elementor-element-7dde625 bottom-arrow elementor-view-default elementor-widget elementor-widget-icon\" data-id=\"7dde625\" data-element_type=\"widget\" data-widget_type=\"icon.default\">\n\t\t\t\t<div class=\"elementor-widget-container\">\n\t\t\t\t\t<div class=\"elementor-icon-wrapper\">\n\t\t\t<a class=\"elementor-icon elementor-animation-grow\" href=\"https:\/\/spanishcarreg.com\/no\/import-eksport\/\">\n\t\t\t<svg xmlns=\"http:\/\/www.w3.org\/2000\/svg\" width=\"12\" height=\"12\" viewBox=\"0 0 12 12\"><path id=\"Icon_awesome-arrow-alt-circle-right\" data-name=\"Icon awesome-arrow-alt-circle-right\" d=\"M6.563.563a6,6,0,1,1-6,6A6,6,0,0,1,6.563.563ZM3.756,7.627H6.563V9.342a.291.291,0,0,0,.5.206l2.765-2.78a.288.288,0,0,0,0-.409L7.058,3.577a.29.29,0,0,0-.5.206V5.5H3.756a.291.291,0,0,0-.29.29V7.337A.291.291,0,0,0,3.756,7.627Z\" transform=\"translate(-0.563 -0.563)\" fill=\"#6c0a12\"><\/path><\/svg>\t\t\t<\/a>\n\t\t<\/div>\n\t\t\t\t<\/div>\n\t\t\t\t<\/div>\n\t\t\t\t<\/div>\n\t\t<div class=\"elementor-element elementor-element-3d66331 e-con-full e-flex elementor-invisible e-con\" data-id=\"3d66331\" data-element_type=\"container\" data-settings=\"{&quot;content_width&quot;:&quot;full&quot;,&quot;background_background&quot;:&quot;classic&quot;,&quot;animation&quot;:&quot;fadeInUp&quot;,&quot;animation_delay&quot;:400}\">\n\t\t\t\t<div class=\"elementor-element elementor-element-c9f4ea7 elementor-widget elementor-widget-image\" data-id=\"c9f4ea7\" data-element_type=\"widget\" data-widget_type=\"image.default\">\n\t\t\t\t<div class=\"elementor-widget-container\">\n\t\t\t\t\t\t\t\t\t\t\t\t\t\t\t<img decoding=\"async\" src=\"https:\/\/spanishcarreg.com\/wp-content\/uploads\/2023\/06\/shutterstock_768749212.png\" title=\"shutterstock_768749212\" alt=\"Legalisering av r\u00f8d bil\" loading=\"lazy\" \/>\t\t\t\t\t\t\t\t\t\t\t\t\t\t\t<\/div>\n\t\t\t\t<\/div>\n\t\t\t\t<div class=\"elementor-element elementor-element-a28e8d8 elementor-widget elementor-widget-text-editor\" data-id=\"a28e8d8\" data-element_type=\"widget\" data-widget_type=\"text-editor.default\">\n\t\t\t\t<div class=\"elementor-widget-container\">\n\t\t\t\t\t\t\t<p><strong>Problemfri import og omregistrering av bilen din i Spania<\/strong>, og registrering av norske biler i Spania.<\/p>\n\t\t\t\t\t\t<\/div>\n\t\t\t\t<\/div>\n\t\t\t\t<div class=\"elementor-element elementor-element-d1cd26f bottom-arrow elementor-view-default elementor-widget elementor-widget-icon\" data-id=\"d1cd26f\" data-element_type=\"widget\" data-widget_type=\"icon.default\">\n\t\t\t\t<div class=\"elementor-widget-container\">\n\t\t\t\t\t<div class=\"elementor-icon-wrapper\">\n\t\t\t<a class=\"elementor-icon elementor-animation-grow\" href=\"https:\/\/spanishcarreg.com\/no\/omregistrering-til-spanske-skilter\/\">\n\t\t\t<svg xmlns=\"http:\/\/www.w3.org\/2000\/svg\" width=\"12\" height=\"12\" viewBox=\"0 0 12 12\"><path id=\"Icon_awesome-arrow-alt-circle-right\" data-name=\"Icon awesome-arrow-alt-circle-right\" d=\"M6.563.563a6,6,0,1,1-6,6A6,6,0,0,1,6.563.563ZM3.756,7.627H6.563V9.342a.291.291,0,0,0,.5.206l2.765-2.78a.288.288,0,0,0,0-.409L7.058,3.577a.29.29,0,0,0-.5.206V5.5H3.756a.291.291,0,0,0-.29.29V7.337A.291.291,0,0,0,3.756,7.627Z\" transform=\"translate(-0.563 -0.563)\" fill=\"#6c0a12\"><\/path><\/svg>\t\t\t<\/a>\n\t\t<\/div>\n\t\t\t\t<\/div>\n\t\t\t\t<\/div>\n\t\t\t\t<\/div>\n\t\t<div class=\"elementor-element elementor-element-7a4c318 e-con-full e-flex elementor-invisible e-con\" data-id=\"7a4c318\" data-element_type=\"container\" data-settings=\"{&quot;content_width&quot;:&quot;full&quot;,&quot;background_background&quot;:&quot;classic&quot;,&quot;animation&quot;:&quot;fadeInUp&quot;,&quot;animation_delay&quot;:600}\">\n\t\t\t\t<div class=\"elementor-element elementor-element-850e652 elementor-widget elementor-widget-image\" data-id=\"850e652\" data-element_type=\"widget\" data-widget_type=\"image.default\">\n\t\t\t\t<div class=\"elementor-widget-container\">\n\t\t\t\t\t\t\t\t\t\t\t\t\t\t\t<img decoding=\"async\" src=\"https:\/\/spanishcarreg.com\/wp-content\/uploads\/2023\/06\/shutterstock_2175244659.png\" title=\"shutterstock_2175244659\" alt=\"Overf\u00f8ring av eierskap av kj\u00f8ret\u00f8y i Spania\" loading=\"lazy\" \/>\t\t\t\t\t\t\t\t\t\t\t\t\t\t\t<\/div>\n\t\t\t\t<\/div>\n\t\t\t\t<div class=\"elementor-element elementor-element-0be1fbe elementor-widget elementor-widget-text-editor\" data-id=\"0be1fbe\" data-element_type=\"widget\" data-widget_type=\"text-editor.default\">\n\t\t\t\t<div class=\"elementor-widget-container\">\n\t\t\t\t\t\t\t<p><strong>Eierskifte og navnendring.<\/strong> Vi har alle de n\u00f8dvendige sertifikater for \u00f8yeblikkelig eierskifte av bilen din.<\/p>\n\t\t\t\t\t\t<\/div>\n\t\t\t\t<\/div>\n\t\t\t\t<div class=\"elementor-element elementor-element-006b811 bottom-arrow elementor-view-default elementor-widget elementor-widget-icon\" data-id=\"006b811\" data-element_type=\"widget\" data-widget_type=\"icon.default\">\n\t\t\t\t<div class=\"elementor-widget-container\">\n\t\t\t\t\t<div class=\"elementor-icon-wrapper\">\n\t\t\t<a class=\"elementor-icon elementor-animation-grow\" href=\"https:\/\/spanishcarreg.com\/no\/eierskifte-og-navnendring\/\">\n\t\t\t<svg xmlns=\"http:\/\/www.w3.org\/2000\/svg\" width=\"12\" height=\"12\" viewBox=\"0 0 12 12\"><path id=\"Icon_awesome-arrow-alt-circle-right\" data-name=\"Icon awesome-arrow-alt-circle-right\" d=\"M6.563.563a6,6,0,1,1-6,6A6,6,0,0,1,6.563.563ZM3.756,7.627H6.563V9.342a.291.291,0,0,0,.5.206l2.765-2.78a.288.288,0,0,0,0-.409L7.058,3.577a.29.29,0,0,0-.5.206V5.5H3.756a.291.291,0,0,0-.29.29V7.337A.291.291,0,0,0,3.756,7.627Z\" transform=\"translate(-0.563 -0.563)\" fill=\"#6c0a12\"><\/path><\/svg>\t\t\t<\/a>\n\t\t<\/div>\n\t\t\t\t<\/div>\n\t\t\t\t<\/div>\n\t\t\t\t<\/div>\n\t\t<div class=\"elementor-element elementor-element-446b27b e-con-full e-flex elementor-invisible e-con\" data-id=\"446b27b\" data-element_type=\"container\" data-settings=\"{&quot;content_width&quot;:&quot;full&quot;,&quot;background_background&quot;:&quot;classic&quot;,&quot;animation&quot;:&quot;fadeInUp&quot;,&quot;animation_delay&quot;:800}\">\n\t\t\t\t<div class=\"elementor-element elementor-element-7c02fb4 elementor-widget elementor-widget-image\" data-id=\"7c02fb4\" data-element_type=\"widget\" data-widget_type=\"image.default\">\n\t\t\t\t<div class=\"elementor-widget-container\">\n\t\t\t\t\t\t\t\t\t\t\t\t\t\t\t<img decoding=\"async\" src=\"https:\/\/spanishcarreg.com\/wp-content\/uploads\/2023\/06\/shutterstock_1711144921.png\" title=\"shutterstock_1711144921\" alt=\"Biler som har best\u00e5tt IVT-testen og homologering\" loading=\"lazy\" \/>\t\t\t\t\t\t\t\t\t\t\t\t\t\t\t<\/div>\n\t\t\t\t<\/div>\n\t\t\t\t<div class=\"elementor-element elementor-element-b3c3b31 elementor-widget elementor-widget-text-editor\" data-id=\"b3c3b31\" data-element_type=\"widget\" data-widget_type=\"text-editor.default\">\n\t\t\t\t<div class=\"elementor-widget-container\">\n\t\t\t\t\t\t\t<p><strong>Vi forbereder Importkontroll \/ EU-Kontroll for alle biler,<\/strong> ogs\u00e5 biler uten typegodkjennelse<\/p>\n\t\t\t\t\t\t<\/div>\n\t\t\t\t<\/div>\n\t\t\t\t<div class=\"elementor-element elementor-element-50dfb53 bottom-arrow elementor-view-default elementor-widget elementor-widget-icon\" data-id=\"50dfb53\" data-element_type=\"widget\" data-widget_type=\"icon.default\">\n\t\t\t\t<div class=\"elementor-widget-container\">\n\t\t\t\t\t<div class=\"elementor-icon-wrapper\">\n\t\t\t<a class=\"elementor-icon elementor-animation-grow\" href=\"https:\/\/spanishcarreg.com\/no\/importkontroll-eu-kontroll-og-typegodkjennelse\/\">\n\t\t\t<svg xmlns=\"http:\/\/www.w3.org\/2000\/svg\" width=\"12\" height=\"12\" viewBox=\"0 0 12 12\"><path id=\"Icon_awesome-arrow-alt-circle-right\" data-name=\"Icon awesome-arrow-alt-circle-right\" d=\"M6.563.563a6,6,0,1,1-6,6A6,6,0,0,1,6.563.563ZM3.756,7.627H6.563V9.342a.291.291,0,0,0,.5.206l2.765-2.78a.288.288,0,0,0,0-.409L7.058,3.577a.29.29,0,0,0-.5.206V5.5H3.756a.291.291,0,0,0-.29.29V7.337A.291.291,0,0,0,3.756,7.627Z\" transform=\"translate(-0.563 -0.563)\" fill=\"#6c0a12\"><\/path><\/svg>\t\t\t<\/a>\n\t\t<\/div>\n\t\t\t\t<\/div>\n\t\t\t\t<\/div>\n\t\t\t\t<\/div>\n\t\t\t\t\t<\/div>\n\t\t\t\t<\/div>\n\t\t<div class=\"elementor-element elementor-element-6e4a50e e-flex e-con-boxed e-con\" data-id=\"6e4a50e\" data-element_type=\"container\" data-settings=\"{&quot;content_width&quot;:&quot;boxed&quot;}\">\n\t\t\t\t\t<div class=\"e-con-inner\">\n\t\t<div class=\"elementor-element elementor-element-b7b338b e-con-full e-flex elementor-invisible e-con\" data-id=\"b7b338b\" data-element_type=\"container\" data-settings=\"{&quot;content_width&quot;:&quot;full&quot;,&quot;background_background&quot;:&quot;classic&quot;,&quot;animation&quot;:&quot;fadeInLeft&quot;}\">\n\t\t<div class=\"elementor-element elementor-element-4f421c6 e-flex e-con-boxed e-con\" data-id=\"4f421c6\" data-element_type=\"container\" data-settings=\"{&quot;background_background&quot;:&quot;classic&quot;,&quot;content_width&quot;:&quot;boxed&quot;}\">\n\t\t\t\t\t<div class=\"e-con-inner\">\n\t\t\t\t\t<\/div>\n\t\t\t\t<\/div>\n\t\t\t\t<div class=\"elementor-element elementor-element-3af6bab read-article-icon elementor-icon-list--layout-traditional elementor-list-item-link-full_width elementor-widget elementor-widget-icon-list\" data-id=\"3af6bab\" data-element_type=\"widget\" data-widget_type=\"icon-list.default\">\n\t\t\t\t<div class=\"elementor-widget-container\">\n\t\t\t<link rel=\"stylesheet\" href=\"https:\/\/spanishcarreg.com\/wp-content\/uploads\/elementor\/css\/custom-widget-icon-list.min.css?ver=1689943874\">\t\t<ul class=\"elementor-icon-list-items\">\n\t\t\t\t\t\t\t<li class=\"elementor-icon-list-item\">\n\t\t\t\t\t\t\t\t\t\t\t<a href=\"https:\/\/spanishcarreg.com\/wp-content\/uploads\/2024\/11\/attachments_norweigian_nov2024.pdf\" target=\"_blank\">\n\n\t\t\t\t\t\t\t\t\t\t\t\t<span class=\"elementor-icon-list-icon\">\n\t\t\t\t\t\t\t<svg xmlns=\"http:\/\/www.w3.org\/2000\/svg\" width=\"12\" height=\"12\" viewBox=\"0 0 12 12\"><path id=\"Icon_awesome-arrow-alt-circle-right\" data-name=\"Icon awesome-arrow-alt-circle-right\" d=\"M6.563.563a6,6,0,1,1-6,6A6,6,0,0,1,6.563.563ZM3.756,7.627H6.563V9.342a.291.291,0,0,0,.5.206l2.765-2.78a.288.288,0,0,0,0-.409L7.058,3.577a.29.29,0,0,0-.5.206V5.5H3.756a.291.291,0,0,0-.29.29V7.337A.291.291,0,0,0,3.756,7.627Z\" transform=\"translate(-0.563 -0.563)\" fill=\"#6c0a12\"><\/path><\/svg>\t\t\t\t\t\t<\/span>\n\t\t\t\t\t\t\t\t\t\t<span class=\"elementor-icon-list-text\">Les artikkel om Holms Bilregistrering <\/span>\n\t\t\t\t\t\t\t\t\t\t\t<\/a>\n\t\t\t\t\t\t\t\t\t<\/li>\n\t\t\t\t\t\t<\/ul>\n\t\t\t\t<\/div>\n\t\t\t\t<\/div>\n\t\t\t\t<\/div>\n\t\t<div class=\"elementor-element elementor-element-5326a71 e-con-full e-flex elementor-invisible e-con\" data-id=\"5326a71\" data-element_type=\"container\" data-settings=\"{&quot;content_width&quot;:&quot;full&quot;,&quot;animation&quot;:&quot;fadeInRight&quot;}\">\n\t\t\t\t<div class=\"elementor-element elementor-element-bdb61dd elementor-widget elementor-widget-heading\" data-id=\"bdb61dd\" data-element_type=\"widget\" data-widget_type=\"heading.default\">\n\t\t\t\t<div class=\"elementor-widget-container\">\n\t\t\t<h3 class=\"elementor-heading-title elementor-size-default\">OM HOLMS BILREGISTRERING<\/h3>\t\t<\/div>\n\t\t\t\t<\/div>\n\t\t\t\t<div class=\"elementor-element elementor-element-42ffc64 elementor-widget elementor-widget-heading\" data-id=\"42ffc64\" data-element_type=\"widget\" data-widget_type=\"heading.default\">\n\t\t\t\t<div class=\"elementor-widget-container\">\n\t\t\t<h4 class=\"elementor-heading-title elementor-size-default\">Med mer enn 25 \u00e5rs erfaring innen spansk bilregistrering<\/h4>\t\t<\/div>\n\t\t\t\t<\/div>\n\t\t\t\t<div class=\"elementor-element elementor-element-03be876 elementor-widget elementor-widget-text-editor\" data-id=\"03be876\" data-element_type=\"widget\" data-widget_type=\"text-editor.default\">\n\t\t\t\t<div class=\"elementor-widget-container\">\n\t\t\t\t\t\t\t<p>Holms Bilregistrering har omregistrert flere enn 25 000 biler til spanske skilter og er det st\u00f8rste statsautoriserte bilregistreringsfirmaet i Spania.<\/p>\n<p>Med en kombinasjon av medarbeidere fra statens biltilsyn og profesjonelle ingeni\u00f8rer, kan vi l\u00f8se alle import- og bilregistreringsrelaterte oppgaver.<\/p>\n<p>Vi kan tilby v\u00e5re tjenester overalt i Spania og jobber med alle lokale biltilsyn daglig.<\/p>\n<p>Vi kan omregistrere bilen din til spanske skilter p\u00e5 to dager og ha skiltene sendt til ditt hjem i Norge eller i andre land.<\/p>\n<p>V\u00e5r registreringsprosess er organisert fra start til m\u00e5l og garanterer en lett og problemfri omregistrering.<\/p>\n<p>V\u00e5re medarbeidere snakker syv forskjellige spr\u00e5k og kan hjelpe deg over hele Spania.<\/p>\n\t\t\t\t\t\t<\/div>\n\t\t\t\t<\/div>\n\t\t\t\t<div class=\"elementor-element elementor-element-7ae6191 elementor-hidden-mobile elementor-widget elementor-widget-button\" data-id=\"7ae6191\" data-element_type=\"widget\" data-widget_type=\"button.default\">\n\t\t\t\t<div class=\"elementor-widget-container\">\n\t\t\t\t\t<div class=\"elementor-button-wrapper\">\n\t\t\t<a class=\"elementor-button elementor-button-link elementor-size-sm elementor-animation-grow\" href=\"https:\/\/spanishcarreg.com\/no\/kontakt-oss\/\">\n\t\t\t\t\t\t<span class=\"elementor-button-content-wrapper\">\n\t\t\t\t\t\t<span class=\"elementor-button-text\">Kontakt oss<\/span>\n\t\t<\/span>\n\t\t\t\t\t<\/a>\n\t\t<\/div>\n\t\t\t\t<\/div>\n\t\t\t\t<\/div>\n\t\t\t\t<\/div>\n\t\t\t\t\t<\/div>\n\t\t\t\t<\/div>\n\t\t\t\t\t\t\t<\/div>\n\t\t","protected":false},"excerpt":{"rendered":"<p>Vi tilbyr rask, lett og profesjonell hjelp for alle bil- og motorsykkelrelaterte oppgaver Spanske skilter til din bil p\u00e5 bare to dager, selv hvis din bil er i Norge eller i et annet land. Vi ordner alt papirarbeid for importen av bilen din. Vi kan spr\u00e5ket og kjenner systemet. Problemfri import og omregistrering av bilen [&hellip;]<\/p>\n","protected":false},"author":1,"featured_media":0,"parent":0,"menu_order":1,"comment_status":"closed","ping_status":"closed","template":"","meta":{"footnotes":""},"class_list":["post-1096","page","type-page","status-publish","hentry"],"_links":{"self":[{"href":"https:\/\/spanishcarreg.com\/no\/wp-json\/wp\/v2\/pages\/1096","targetHints":{"allow":["GET"]}}],"collection":[{"href":"https:\/\/spanishcarreg.com\/no\/wp-json\/wp\/v2\/pages"}],"about":[{"href":"https:\/\/spanishcarreg.com\/no\/wp-json\/wp\/v2\/types\/page"}],"author":[{"embeddable":true,"href":"https:\/\/spanishcarreg.com\/no\/wp-json\/wp\/v2\/users\/1"}],"replies":[{"embeddable":true,"href":"https:\/\/spanishcarreg.com\/no\/wp-json\/wp\/v2\/comments?post=1096"}],"version-history":[{"count":10,"href":"https:\/\/spanishcarreg.com\/no\/wp-json\/wp\/v2\/pages\/1096\/revisions"}],"predecessor-version":[{"id":1910,"href":"https:\/\/spanishcarreg.com\/no\/wp-json\/wp\/v2\/pages\/1096\/revisions\/1910"}],"wp:attachment":[{"href":"https:\/\/spanishcarreg.com\/no\/wp-json\/wp\/v2\/media?parent=1096"}],"curies":[{"name":"wp","href":"https:\/\/api.w.org\/{rel}","templated":true}]}}