{"id":1130,"date":"2023-05-30T10:44:05","date_gmt":"2023-05-30T09:44:05","guid":{"rendered":"http:\/\/holmes.www190-92-135-130.a2hosted.com\/import-export\/"},"modified":"2023-07-24T12:54:21","modified_gmt":"2023-07-24T11:54:21","slug":"import-export","status":"publish","type":"page","link":"https:\/\/spanishcarreg.com\/da\/import-export\/","title":{"rendered":"Import\/Export"},"content":{"rendered":"\t\t<div data-elementor-type=\"wp-page\" data-elementor-id=\"1130\" class=\"elementor elementor-1130 elementor-21\">\n\t\t\t\t\t\t\t<div class=\"elementor-element elementor-element-29c5873 e-flex e-con-boxed e-con\" data-id=\"29c5873\" data-element_type=\"container\" data-settings=\"{&quot;content_width&quot;:&quot;boxed&quot;}\">\n\t\t\t\t\t<div class=\"e-con-inner\">\n\t\t<div class=\"elementor-element elementor-element-8051472 e-con-full e-flex elementor-invisible e-con\" data-id=\"8051472\" data-element_type=\"container\" data-settings=\"{&quot;content_width&quot;:&quot;full&quot;,&quot;background_background&quot;:&quot;classic&quot;,&quot;animation&quot;:&quot;fadeInLeft&quot;}\">\n\t\t\t\t<\/div>\n\t\t<div class=\"elementor-element elementor-element-9b0c3a6 e-con-full e-flex elementor-invisible e-con\" data-id=\"9b0c3a6\" data-element_type=\"container\" data-settings=\"{&quot;content_width&quot;:&quot;full&quot;,&quot;animation&quot;:&quot;fadeInRight&quot;}\">\n\t\t\t\t<div class=\"elementor-element elementor-element-670e6ef elementor-widget elementor-widget-heading\" data-id=\"670e6ef\" data-element_type=\"widget\" data-widget_type=\"heading.default\">\n\t\t\t\t<div class=\"elementor-widget-container\">\n\t\t\t<style>\/*! elementor - v3.14.0 - 26-06-2023 *\/\n.elementor-heading-title{padding:0;margin:0;line-height:1}.elementor-widget-heading .elementor-heading-title[class*=elementor-size-]>a{color:inherit;font-size:inherit;line-height:inherit}.elementor-widget-heading .elementor-heading-title.elementor-size-small{font-size:15px}.elementor-widget-heading .elementor-heading-title.elementor-size-medium{font-size:19px}.elementor-widget-heading .elementor-heading-title.elementor-size-large{font-size:29px}.elementor-widget-heading .elementor-heading-title.elementor-size-xl{font-size:39px}.elementor-widget-heading .elementor-heading-title.elementor-size-xxl{font-size:59px}<\/style><h1 class=\"elementor-heading-title elementor-size-default\">Spansk registrerede biler og eksport<\/h1>\t\t<\/div>\n\t\t\t\t<\/div>\n\t\t\t\t<div class=\"elementor-element elementor-element-ab2976a elementor-widget elementor-widget-text-editor\" data-id=\"ab2976a\" data-element_type=\"widget\" data-widget_type=\"text-editor.default\">\n\t\t\t\t<div class=\"elementor-widget-container\">\n\t\t\t<style>\/*! elementor - v3.14.0 - 26-06-2023 *\/\n.elementor-widget-text-editor.elementor-drop-cap-view-stacked .elementor-drop-cap{background-color:#69727d;color:#fff}.elementor-widget-text-editor.elementor-drop-cap-view-framed .elementor-drop-cap{color:#69727d;border:3px solid;background-color:transparent}.elementor-widget-text-editor:not(.elementor-drop-cap-view-default) .elementor-drop-cap{margin-top:8px}.elementor-widget-text-editor:not(.elementor-drop-cap-view-default) .elementor-drop-cap-letter{width:1em;height:1em}.elementor-widget-text-editor .elementor-drop-cap{float:left;text-align:center;line-height:1;font-size:50px}.elementor-widget-text-editor .elementor-drop-cap-letter{display:inline-block}<\/style>\t\t\t\t<p>Vi ordner alt papirarbejde for importen af din bil. Vi er klar over hvor forvirrende det Spanske papirarbejde og system kan v\u00e6re, Vi kan sproget og kender systemet<\/p>\n<p>Vi kan ogs\u00e5 hj\u00e6lpe med afmelding af Spansk registrerede biler og eksport af biler til Danmark eller andre lande. Vi har Eksport &amp; Afmeldingscertifikater.<\/p>\n\t\t\t\t\t\t<\/div>\n\t\t\t\t<\/div>\n\t\t\t\t<div class=\"elementor-element elementor-element-c5c7f01 elementor-align-left elementor-hidden-desktop elementor-hidden-tablet elementor-widget elementor-widget-button\" data-id=\"c5c7f01\" data-element_type=\"widget\" data-widget_type=\"button.default\">\n\t\t\t\t<div class=\"elementor-widget-container\">\n\t\t\t\t\t<div class=\"elementor-button-wrapper\">\n\t\t\t<a class=\"elementor-button elementor-button-link elementor-size-sm elementor-animation-grow\" href=\"https:\/\/spanishcarreg.com\/da\/kontakt-os\/\">\n\t\t\t\t\t\t<span class=\"elementor-button-content-wrapper\">\n\t\t\t\t\t\t<span class=\"elementor-button-text\">Kontakt os<\/span>\n\t\t<\/span>\n\t\t\t\t\t<\/a>\n\t\t<\/div>\n\t\t\t\t<\/div>\n\t\t\t\t<\/div>\n\t\t\t\t<\/div>\n\t\t\t\t\t<\/div>\n\t\t\t\t<\/div>\n\t\t<div class=\"elementor-element elementor-element-a2d9908 e-flex e-con-boxed elementor-invisible e-con\" data-id=\"a2d9908\" data-element_type=\"container\" data-settings=\"{&quot;animation&quot;:&quot;fadeInUp&quot;,&quot;content_width&quot;:&quot;boxed&quot;}\">\n\t\t\t\t\t<div class=\"e-con-inner\">\n\t\t\t\t<div class=\"elementor-element elementor-element-4964f11 elementor-widget elementor-widget-heading\" data-id=\"4964f11\" data-element_type=\"widget\" data-widget_type=\"heading.default\">\n\t\t\t\t<div class=\"elementor-widget-container\">\n\t\t\t<h3 class=\"elementor-heading-title elementor-size-default\">Vi tilbyder ogs\u00e5<\/h3>\t\t<\/div>\n\t\t\t\t<\/div>\n\t\t\t\t\t<\/div>\n\t\t\t\t<\/div>\n\t\t<div class=\"elementor-element elementor-element-bfa838d e-flex e-con-boxed e-con\" data-id=\"bfa838d\" data-element_type=\"container\" data-settings=\"{&quot;content_width&quot;:&quot;boxed&quot;}\">\n\t\t\t\t\t<div class=\"e-con-inner\">\n\t\t<div class=\"elementor-element elementor-element-3bf47c3 e-con-full e-flex elementor-invisible e-con\" data-id=\"3bf47c3\" data-element_type=\"container\" data-settings=\"{&quot;content_width&quot;:&quot;full&quot;,&quot;background_background&quot;:&quot;classic&quot;,&quot;animation&quot;:&quot;fadeInUp&quot;,&quot;animation_delay&quot;:0}\">\n\t\t\t\t<div class=\"elementor-element elementor-element-bea20e7 elementor-widget elementor-widget-image\" data-id=\"bea20e7\" data-element_type=\"widget\" data-widget_type=\"image.default\">\n\t\t\t\t<div class=\"elementor-widget-container\">\n\t\t\t<style>\/*! elementor - v3.14.0 - 26-06-2023 *\/\n.elementor-widget-image{text-align:center}.elementor-widget-image a{display:inline-block}.elementor-widget-image a img[src$=\".svg\"]{width:48px}.elementor-widget-image img{vertical-align:middle;display:inline-block}<\/style>\t\t\t\t\t\t\t\t\t\t\t\t<img decoding=\"async\" src=\"https:\/\/spanishcarreg.com\/wp-content\/uploads\/2023\/06\/shutterstock_2297145853.png\" title=\"shutterstock_2297145853\" alt=\"Spansk nummerplade til bil\" loading=\"lazy\" \/>\t\t\t\t\t\t\t\t\t\t\t\t\t\t\t<\/div>\n\t\t\t\t<\/div>\n\t\t\t\t<div class=\"elementor-element elementor-element-9cbba43 elementor-widget elementor-widget-text-editor\" data-id=\"9cbba43\" data-element_type=\"widget\" data-widget_type=\"text-editor.default\">\n\t\t\t\t<div class=\"elementor-widget-container\">\n\t\t\t\t\t\t\t<p><strong>Spanske nummerplader til din bil p\u00e5 kun 2 dage<\/strong>, selv hvis din bil er i Danmark eller andet land.<\/p>\n\t\t\t\t\t\t<\/div>\n\t\t\t\t<\/div>\n\t\t\t\t<div class=\"elementor-element elementor-element-4d29c8d bottom-arrow elementor-view-default elementor-widget elementor-widget-icon\" data-id=\"4d29c8d\" data-element_type=\"widget\" data-widget_type=\"icon.default\">\n\t\t\t\t<div class=\"elementor-widget-container\">\n\t\t\t\t\t<div class=\"elementor-icon-wrapper\">\n\t\t\t<a class=\"elementor-icon elementor-animation-grow\" href=\"https:\/\/spanishcarreg.com\/da\/spanske-nummerplader-pa-kun-2-dage\/\">\n\t\t\t<svg xmlns=\"http:\/\/www.w3.org\/2000\/svg\" width=\"12\" height=\"12\" viewBox=\"0 0 12 12\"><path id=\"Icon_awesome-arrow-alt-circle-right\" data-name=\"Icon awesome-arrow-alt-circle-right\" d=\"M6.563.563a6,6,0,1,1-6,6A6,6,0,0,1,6.563.563ZM3.756,7.627H6.563V9.342a.291.291,0,0,0,.5.206l2.765-2.78a.288.288,0,0,0,0-.409L7.058,3.577a.29.29,0,0,0-.5.206V5.5H3.756a.291.291,0,0,0-.29.29V7.337A.291.291,0,0,0,3.756,7.627Z\" transform=\"translate(-0.563 -0.563)\" fill=\"#6c0a12\"><\/path><\/svg>\t\t\t<\/a>\n\t\t<\/div>\n\t\t\t\t<\/div>\n\t\t\t\t<\/div>\n\t\t\t\t<\/div>\n\t\t<div class=\"elementor-element elementor-element-1859979 e-con-full e-flex elementor-invisible e-con\" data-id=\"1859979\" data-element_type=\"container\" data-settings=\"{&quot;content_width&quot;:&quot;full&quot;,&quot;background_background&quot;:&quot;classic&quot;,&quot;animation&quot;:&quot;fadeInUp&quot;,&quot;animation_delay&quot;:200}\">\n\t\t\t\t<div class=\"elementor-element elementor-element-a5271be elementor-widget elementor-widget-image\" data-id=\"a5271be\" data-element_type=\"widget\" data-widget_type=\"image.default\">\n\t\t\t\t<div class=\"elementor-widget-container\">\n\t\t\t\t\t\t\t\t\t\t\t\t\t\t\t<img decoding=\"async\" src=\"https:\/\/spanishcarreg.com\/wp-content\/uploads\/2023\/06\/shutterstock_768749212.png\" title=\"shutterstock_768749212\" alt=\"Legalisering af r\u00f8d bil\" loading=\"lazy\" \/>\t\t\t\t\t\t\t\t\t\t\t\t\t\t\t<\/div>\n\t\t\t\t<\/div>\n\t\t\t\t<div class=\"elementor-element elementor-element-0959f56 elementor-widget elementor-widget-text-editor\" data-id=\"0959f56\" data-element_type=\"widget\" data-widget_type=\"text-editor.default\">\n\t\t\t\t<div class=\"elementor-widget-container\">\n\t\t\t\t\t\t\t<p><strong>Problemfri import og omregistrering af din bil i Spanien<\/strong>, indregistrering af danske biler i Spanien.<\/p>\n\t\t\t\t\t\t<\/div>\n\t\t\t\t<\/div>\n\t\t\t\t<div class=\"elementor-element elementor-element-d248e2f bottom-arrow elementor-view-default elementor-widget elementor-widget-icon\" data-id=\"d248e2f\" data-element_type=\"widget\" data-widget_type=\"icon.default\">\n\t\t\t\t<div class=\"elementor-widget-container\">\n\t\t\t\t\t<div class=\"elementor-icon-wrapper\">\n\t\t\t<a class=\"elementor-icon elementor-animation-grow\" href=\"https:\/\/spanishcarreg.com\/da\/omregistrering-til-spanske-plader\/\">\n\t\t\t<svg xmlns=\"http:\/\/www.w3.org\/2000\/svg\" width=\"12\" height=\"12\" viewBox=\"0 0 12 12\"><path id=\"Icon_awesome-arrow-alt-circle-right\" data-name=\"Icon awesome-arrow-alt-circle-right\" d=\"M6.563.563a6,6,0,1,1-6,6A6,6,0,0,1,6.563.563ZM3.756,7.627H6.563V9.342a.291.291,0,0,0,.5.206l2.765-2.78a.288.288,0,0,0,0-.409L7.058,3.577a.29.29,0,0,0-.5.206V5.5H3.756a.291.291,0,0,0-.29.29V7.337A.291.291,0,0,0,3.756,7.627Z\" transform=\"translate(-0.563 -0.563)\" fill=\"#6c0a12\"><\/path><\/svg>\t\t\t<\/a>\n\t\t<\/div>\n\t\t\t\t<\/div>\n\t\t\t\t<\/div>\n\t\t\t\t<\/div>\n\t\t<div class=\"elementor-element elementor-element-030311b e-con-full e-flex elementor-invisible e-con\" data-id=\"030311b\" data-element_type=\"container\" data-settings=\"{&quot;content_width&quot;:&quot;full&quot;,&quot;background_background&quot;:&quot;classic&quot;,&quot;animation&quot;:&quot;fadeInUp&quot;,&quot;animation_delay&quot;:400}\">\n\t\t\t\t<div class=\"elementor-element elementor-element-fe96b25 elementor-widget elementor-widget-image\" data-id=\"fe96b25\" data-element_type=\"widget\" data-widget_type=\"image.default\">\n\t\t\t\t<div class=\"elementor-widget-container\">\n\t\t\t\t\t\t\t\t\t\t\t\t\t\t\t<img decoding=\"async\" src=\"https:\/\/spanishcarreg.com\/wp-content\/uploads\/2023\/06\/shutterstock_2175244659.png\" title=\"shutterstock_2175244659\" alt=\"Overf\u00f8rsel af ejerskab af k\u00f8ret\u00f8j i Spanien\" loading=\"lazy\" \/>\t\t\t\t\t\t\t\t\t\t\t\t\t\t\t<\/div>\n\t\t\t\t<\/div>\n\t\t\t\t<div class=\"elementor-element elementor-element-18db0fc elementor-widget elementor-widget-text-editor\" data-id=\"18db0fc\" data-element_type=\"widget\" data-widget_type=\"text-editor.default\">\n\t\t\t\t<div class=\"elementor-widget-container\">\n\t\t\t\t\t\t\t<p><strong>Ejerskifte og navne\u00e6ndring.<\/strong> Vi har alle de n\u00f8dvendige certifikater for \u00f8jebliklig ejerskifte af din bil.<\/p>\n\t\t\t\t\t\t<\/div>\n\t\t\t\t<\/div>\n\t\t\t\t<div class=\"elementor-element elementor-element-4d89795 bottom-arrow elementor-view-default elementor-widget elementor-widget-icon\" data-id=\"4d89795\" data-element_type=\"widget\" data-widget_type=\"icon.default\">\n\t\t\t\t<div class=\"elementor-widget-container\">\n\t\t\t\t\t<div class=\"elementor-icon-wrapper\">\n\t\t\t<a class=\"elementor-icon elementor-animation-grow\" href=\"https:\/\/spanishcarreg.com\/da\/ejerskifte-og-navneaendring\/\">\n\t\t\t<svg xmlns=\"http:\/\/www.w3.org\/2000\/svg\" width=\"12\" height=\"12\" viewBox=\"0 0 12 12\"><path id=\"Icon_awesome-arrow-alt-circle-right\" data-name=\"Icon awesome-arrow-alt-circle-right\" d=\"M6.563.563a6,6,0,1,1-6,6A6,6,0,0,1,6.563.563ZM3.756,7.627H6.563V9.342a.291.291,0,0,0,.5.206l2.765-2.78a.288.288,0,0,0,0-.409L7.058,3.577a.29.29,0,0,0-.5.206V5.5H3.756a.291.291,0,0,0-.29.29V7.337A.291.291,0,0,0,3.756,7.627Z\" transform=\"translate(-0.563 -0.563)\" fill=\"#6c0a12\"><\/path><\/svg>\t\t\t<\/a>\n\t\t<\/div>\n\t\t\t\t<\/div>\n\t\t\t\t<\/div>\n\t\t\t\t<\/div>\n\t\t<div class=\"elementor-element elementor-element-a18ddfe e-con-full e-flex elementor-invisible e-con\" data-id=\"a18ddfe\" data-element_type=\"container\" data-settings=\"{&quot;content_width&quot;:&quot;full&quot;,&quot;background_background&quot;:&quot;classic&quot;,&quot;animation&quot;:&quot;fadeInUp&quot;,&quot;animation_delay&quot;:600}\">\n\t\t\t\t<div class=\"elementor-element elementor-element-c9677a4 elementor-widget elementor-widget-image\" data-id=\"c9677a4\" data-element_type=\"widget\" data-widget_type=\"image.default\">\n\t\t\t\t<div class=\"elementor-widget-container\">\n\t\t\t\t\t\t\t\t\t\t\t\t\t\t\t<img decoding=\"async\" src=\"https:\/\/spanishcarreg.com\/wp-content\/uploads\/2023\/06\/shutterstock_1711144921.png\" title=\"shutterstock_1711144921\" alt=\"Biler, der best\u00e5r IVT-test og Homologation\" loading=\"lazy\" \/>\t\t\t\t\t\t\t\t\t\t\t\t\t\t\t<\/div>\n\t\t\t\t<\/div>\n\t\t\t\t<div class=\"elementor-element elementor-element-3b536ea elementor-widget elementor-widget-text-editor\" data-id=\"3b536ea\" data-element_type=\"widget\" data-widget_type=\"text-editor.default\">\n\t\t\t\t<div class=\"elementor-widget-container\">\n\t\t\t\t\t\t\t<p><strong>Vi forbereder importsyn for alle biler,<\/strong> ogs\u00e5 for biler uden typegodkendelse<\/p>\n\t\t\t\t\t\t<\/div>\n\t\t\t\t<\/div>\n\t\t\t\t<div class=\"elementor-element elementor-element-00c9ebe bottom-arrow elementor-view-default elementor-widget elementor-widget-icon\" data-id=\"00c9ebe\" data-element_type=\"widget\" data-widget_type=\"icon.default\">\n\t\t\t\t<div class=\"elementor-widget-container\">\n\t\t\t\t\t<div class=\"elementor-icon-wrapper\">\n\t\t\t<a class=\"elementor-icon elementor-animation-grow\" href=\"https:\/\/spanishcarreg.com\/itv-test-and-homologation\/\">\n\t\t\t<svg xmlns=\"http:\/\/www.w3.org\/2000\/svg\" width=\"12\" height=\"12\" viewBox=\"0 0 12 12\"><path id=\"Icon_awesome-arrow-alt-circle-right\" data-name=\"Icon awesome-arrow-alt-circle-right\" d=\"M6.563.563a6,6,0,1,1-6,6A6,6,0,0,1,6.563.563ZM3.756,7.627H6.563V9.342a.291.291,0,0,0,.5.206l2.765-2.78a.288.288,0,0,0,0-.409L7.058,3.577a.29.29,0,0,0-.5.206V5.5H3.756a.291.291,0,0,0-.29.29V7.337A.291.291,0,0,0,3.756,7.627Z\" transform=\"translate(-0.563 -0.563)\" fill=\"#6c0a12\"><\/path><\/svg>\t\t\t<\/a>\n\t\t<\/div>\n\t\t\t\t<\/div>\n\t\t\t\t<\/div>\n\t\t\t\t<\/div>\n\t\t\t\t\t<\/div>\n\t\t\t\t<\/div>\n\t\t<div class=\"elementor-element elementor-element-78e4f73 e-flex e-con-boxed e-con\" data-id=\"78e4f73\" data-element_type=\"container\" data-settings=\"{&quot;content_width&quot;:&quot;boxed&quot;}\">\n\t\t\t\t\t<div class=\"e-con-inner\">\n\t\t<div class=\"elementor-element elementor-element-39f63f7 e-con-full e-flex elementor-invisible e-con\" data-id=\"39f63f7\" data-element_type=\"container\" data-settings=\"{&quot;content_width&quot;:&quot;full&quot;,&quot;background_background&quot;:&quot;classic&quot;,&quot;animation&quot;:&quot;fadeInLeft&quot;}\">\n\t\t<div class=\"elementor-element elementor-element-85d4ab8 e-flex e-con-boxed e-con\" data-id=\"85d4ab8\" data-element_type=\"container\" data-settings=\"{&quot;background_background&quot;:&quot;classic&quot;,&quot;content_width&quot;:&quot;boxed&quot;}\">\n\t\t\t\t\t<div class=\"e-con-inner\">\n\t\t\t\t\t<\/div>\n\t\t\t\t<\/div>\n\t\t\t\t<div class=\"elementor-element elementor-element-14a0f35 read-article-icon elementor-icon-list--layout-traditional elementor-list-item-link-full_width elementor-widget elementor-widget-icon-list\" data-id=\"14a0f35\" data-element_type=\"widget\" data-widget_type=\"icon-list.default\">\n\t\t\t\t<div class=\"elementor-widget-container\">\n\t\t\t<link rel=\"stylesheet\" href=\"https:\/\/spanishcarreg.com\/wp-content\/uploads\/elementor\/css\/custom-widget-icon-list.min.css?ver=1689943874\">\t\t<ul class=\"elementor-icon-list-items\">\n\t\t\t\t\t\t\t<li class=\"elementor-icon-list-item\">\n\t\t\t\t\t\t\t\t\t\t\t<a href=\"\/wp-content\/uploads\/2023\/06\/attachments_danish.pdf\" target=\"_blank\">\n\n\t\t\t\t\t\t\t\t\t\t\t\t<span class=\"elementor-icon-list-icon\">\n\t\t\t\t\t\t\t<svg xmlns=\"http:\/\/www.w3.org\/2000\/svg\" width=\"12\" height=\"12\" viewBox=\"0 0 12 12\"><path id=\"Icon_awesome-arrow-alt-circle-right\" data-name=\"Icon awesome-arrow-alt-circle-right\" d=\"M6.563.563a6,6,0,1,1-6,6A6,6,0,0,1,6.563.563ZM3.756,7.627H6.563V9.342a.291.291,0,0,0,.5.206l2.765-2.78a.288.288,0,0,0,0-.409L7.058,3.577a.29.29,0,0,0-.5.206V5.5H3.756a.291.291,0,0,0-.29.29V7.337A.291.291,0,0,0,3.756,7.627Z\" transform=\"translate(-0.563 -0.563)\" fill=\"#6c0a12\"><\/path><\/svg>\t\t\t\t\t\t<\/span>\n\t\t\t\t\t\t\t\t\t\t<span class=\"elementor-icon-list-text\">L\u00e6s artikel om Holms Bilregistrering <\/span>\n\t\t\t\t\t\t\t\t\t\t\t<\/a>\n\t\t\t\t\t\t\t\t\t<\/li>\n\t\t\t\t\t\t<\/ul>\n\t\t\t\t<\/div>\n\t\t\t\t<\/div>\n\t\t\t\t<\/div>\n\t\t<div class=\"elementor-element elementor-element-0abb6d3 e-con-full e-flex elementor-invisible e-con\" data-id=\"0abb6d3\" data-element_type=\"container\" data-settings=\"{&quot;content_width&quot;:&quot;full&quot;,&quot;animation&quot;:&quot;fadeInRight&quot;}\">\n\t\t\t\t<div class=\"elementor-element elementor-element-23b2627 elementor-widget elementor-widget-heading\" data-id=\"23b2627\" data-element_type=\"widget\" data-widget_type=\"heading.default\">\n\t\t\t\t<div class=\"elementor-widget-container\">\n\t\t\t<h3 class=\"elementor-heading-title elementor-size-default\">OM HOLMS BILREGISTRERING<\/h3>\t\t<\/div>\n\t\t\t\t<\/div>\n\t\t\t\t<div class=\"elementor-element elementor-element-da2a29e elementor-widget elementor-widget-heading\" data-id=\"da2a29e\" data-element_type=\"widget\" data-widget_type=\"heading.default\">\n\t\t\t\t<div class=\"elementor-widget-container\">\n\t\t\t<h4 class=\"elementor-heading-title elementor-size-default\">Med mere end 25 \u00e5rs erfaring inden for Spansk bilregistrering<\/h4>\t\t<\/div>\n\t\t\t\t<\/div>\n\t\t\t\t<div class=\"elementor-element elementor-element-be8bea8 elementor-widget elementor-widget-text-editor\" data-id=\"be8bea8\" data-element_type=\"widget\" data-widget_type=\"text-editor.default\">\n\t\t\t\t<div class=\"elementor-widget-container\">\n\t\t\t\t\t\t\t<p>Holms Bilregistrering har omregistreret mere end 25000 biler til spanske plader og er det st\u00f8rste statsautoriserede bilregistreringsfirma i Spanien.<\/p>\n<p>Med en kombination af medarbejdere fra statens motorkontor og professionelle ingeni\u00f8re, kan vi l\u00f8se alle import og bilregistreringsrelaterede opgaver.<\/p>\n<p>Vi kan tilbyde vores service overalt i Spanien og arbejder med alle lokale motorkontore dagligt.<\/p>\n<p>Vi kan omregistrere din bil til spanske nummerplader p\u00e5 2 dage og have nummerpladerne sendt til dit hjem i Danmark eller andet land.<\/p>\n<p>Vores registreringsprocess er organiseret fra start til m\u00e5l og garantere en let og problemfri omregistrering.<\/p>\n<p>Vores medarbejdere taler 7 forskellige sprog og kan hj\u00e6lpe dig over hele Spanien.<\/p>\n\t\t\t\t\t\t<\/div>\n\t\t\t\t<\/div>\n\t\t\t\t<div class=\"elementor-element elementor-element-470f264 elementor-widget elementor-widget-button\" data-id=\"470f264\" data-element_type=\"widget\" data-widget_type=\"button.default\">\n\t\t\t\t<div class=\"elementor-widget-container\">\n\t\t\t\t\t<div class=\"elementor-button-wrapper\">\n\t\t\t<a class=\"elementor-button elementor-button-link elementor-size-sm elementor-animation-grow\" href=\"https:\/\/spanishcarreg.com\/da\/kontakt-os\/\">\n\t\t\t\t\t\t<span class=\"elementor-button-content-wrapper\">\n\t\t\t\t\t\t<span class=\"elementor-button-text\">Kontakt os<\/span>\n\t\t<\/span>\n\t\t\t\t\t<\/a>\n\t\t<\/div>\n\t\t\t\t<\/div>\n\t\t\t\t<\/div>\n\t\t\t\t<\/div>\n\t\t\t\t\t<\/div>\n\t\t\t\t<\/div>\n\t\t\t\t\t\t\t<\/div>\n\t\t","protected":false},"excerpt":{"rendered":"<p>Spansk registrerede biler og eksport Vi ordner alt papirarbejde for importen af din bil. Vi er klar over hvor forvirrende det Spanske papirarbejde og system kan v\u00e6re, Vi kan sproget og kender systemet Vi kan ogs\u00e5 hj\u00e6lpe med afmelding af Spansk registrerede biler og eksport af biler til Danmark eller andre lande. Vi har Eksport [&hellip;]<\/p>\n","protected":false},"author":1,"featured_media":0,"parent":0,"menu_order":3,"comment_status":"closed","ping_status":"closed","template":"","meta":{"footnotes":""},"class_list":["post-1130","page","type-page","status-publish","hentry"],"_links":{"self":[{"href":"https:\/\/spanishcarreg.com\/da\/wp-json\/wp\/v2\/pages\/1130","targetHints":{"allow":["GET"]}}],"collection":[{"href":"https:\/\/spanishcarreg.com\/da\/wp-json\/wp\/v2\/pages"}],"about":[{"href":"https:\/\/spanishcarreg.com\/da\/wp-json\/wp\/v2\/types\/page"}],"author":[{"embeddable":true,"href":"https:\/\/spanishcarreg.com\/da\/wp-json\/wp\/v2\/users\/1"}],"replies":[{"embeddable":true,"href":"https:\/\/spanishcarreg.com\/da\/wp-json\/wp\/v2\/comments?post=1130"}],"version-history":[{"count":10,"href":"https:\/\/spanishcarreg.com\/da\/wp-json\/wp\/v2\/pages\/1130\/revisions"}],"predecessor-version":[{"id":1814,"href":"https:\/\/spanishcarreg.com\/da\/wp-json\/wp\/v2\/pages\/1130\/revisions\/1814"}],"wp:attachment":[{"href":"https:\/\/spanishcarreg.com\/da\/wp-json\/wp\/v2\/media?parent=1130"}],"curies":[{"name":"wp","href":"https:\/\/api.w.org\/{rel}","templated":true}]}}